{"id":527,"date":"2013-10-10T17:35:14","date_gmt":"2013-10-10T15:35:14","guid":{"rendered":"http:\/\/ebso.com\/web\/?page_id=527"},"modified":"2022-01-20T14:02:28","modified_gmt":"2022-01-20T13:02:28","slug":"europa","status":"publish","type":"page","link":"http:\/\/www.ebso.com\/web\/vertrieb\/europa\/","title":{"rendered":"EUROPA"},"content":{"rendered":"<div class=\"accordion\"><br \/>\n<div class=\"toggle\"><div class=\"toggle-title expanded\">Benelux<\/div><div class=\"toggle-inner\" style=\"display:block\"><\/p>\n<p>W&amp;S Benelux B.V.<br \/>\n<span class=\"LrzXr\">Denariusstraat 29<\/span><br \/>\n<span class=\"LrzXr\">4903 RC Oosterhout<\/span><br \/>\nPhone: +31 (0)162 521677<br \/>\nE-Mail: info@wsbenelux.nl<\/p>\n<p><\/div><\/div><br \/>\n<div class=\"toggle\"><div class=\"toggle-title\">Bulgaria<\/div><div class=\"toggle-inner\"><\/p>\n<p>ATT S.E. Europe s.r.l.<br \/>\nCalea Martirilor 1989 nr. 1, Corp.E<br \/>\n300724 Timisoara<br \/>\nMr. Stanco Vucovan<br \/>\nTel. Office: +4 0356 460 330<br \/>\nFax Office: +4 0356 460 333<br \/>\nMobile: +4 0733 104 567<br \/>\nE-mail: s.vucovan@att.co.at<\/p>\n<p><\/div><\/div><br \/>\n<div class=\"toggle\"><div class=\"toggle-title\">Denmark<\/div><div class=\"toggle-inner\"><\/p>\n<p>HIN A\/S<br \/>\nLangmarksvej 29 8700 Horsens D\u00e4nemark<br \/>\nTel: 0045-76259090<br \/>\nFax: 0045-76259091<br \/>\nContact(s) Mr. Fensbo, Managing Director<br \/>\nE-Mail: hin@hin.dk<\/p>\n<p><\/div><\/div><br \/>\n<div class=\"toggle\"><div class=\"toggle-title\">Finland<\/div><div class=\"toggle-inner\"><\/p>\n<p>PEREL OY (Selective Soldering)<br \/>\nTorpankatu 28,<br \/>\n05801 Hyvink\u00e4\u00e4<br \/>\nFINNLAND<br \/>\nContact: Jari Honkonen, Department Manager<br \/>\nTel.: 00358 19 871 11<br \/>\ne-mail: jari.honkonen@perel.fi<\/p>\n<p>Springelectronics OY (PROFORMING ONLY)<br \/>\nKaivosvoudintie 1A<br \/>\n01610 Vantaa<br \/>\nTel: +35 8405 400 970<br \/>\nContact(s): Antti Taimioja Sales Manager<br \/>\nE-Mail: antti.taimioja@springelectronics.fi<\/p>\n<p>Scanditron Finland Oy (PROFORMING ONLY)<br \/>\nSinikallion tie 5 A<br \/>\n02630 Espoo Finland<br \/>\nTel: +35 8943 933 30<br \/>\nFax: +35 8945 589 25<br \/>\nContact(s): Mrs Heli Eklund<br \/>\nE-Mail: heli.eklund@scanditron.fi<\/p>\n<p><\/div><\/div><br \/>\n<div class=\"toggle\"><div class=\"toggle-title\">France<\/div><div class=\"toggle-inner\"><\/p>\n<p>M J B Sarl<br \/>\nZAE du Gu\u00e9 Langlois<br \/>\n18 Avenue du Gu\u00e9 Langlois<br \/>\n77600 BUSSY SAINT MARTIN<br \/>\nContact: Magali HERBUEL, Sales manager<br \/>\nTel : +33 (0)1 64 62 70 80<br \/>\nFax : +33 (0) 1 64 62 14 87<br \/>\nE-Mail: magali.herbuel@mjb.fr<br \/>\nHomepage: www.mjb.fr<\/p>\n<p><\/div><\/div><br \/>\n<div class=\"toggle\"><div class=\"toggle-title\">Ireland<\/div><div class=\"toggle-inner\"><\/p>\n<p>HB Electronics Ltd.<br \/>\n10 Annaville Grove, Westbury, Co. Clare<br \/>\nTel: 353 61 348664<br \/>\nFax: 353 61 348665<br \/>\nContact(s) Mr. Herbert Burke, Managing Director<br \/>\nE-Mail: hbel@iol.ie<\/p>\n<p><\/div><\/div><br \/>\n<div class=\"toggle\"><div class=\"toggle-title\">Italy<\/div><div class=\"toggle-inner\"><\/p>\n<p>IEMME S.p.A.<br \/>\nMr. Roberto Perniola<br \/>\n21050 Gorla Maggiore (VA)<br \/>\nVia Boschi Belli, 6<br \/>\nTel: +39 331 36871<br \/>\nFax: +39 331 369380<br \/>\ne-mail: r.perniola@iemmegroup.it<br \/>\nInternet: www.iemmegroup.com<\/p>\n<p><\/div><\/div><br \/>\n<div class=\"toggle\"><div class=\"toggle-title\">Croatia<\/div><div class=\"toggle-inner\"><\/p>\n<p>Amtest Associates LTD.<br \/>\nPredstavnistov Zagreb, Mikuliceva 5<br \/>\nCR-1000 Zagreb\/Croatia<br \/>\nContact(s): Mr. Mutvarr<br \/>\nE-Mail: vanja.mutvar@amtest.com<\/p>\n<p><\/div><\/div><br \/>\n<div class=\"toggle\"><div class=\"toggle-title\">Norway<\/div><div class=\"toggle-inner\"><\/p>\n<p>ESD-Center AB<br \/>\nRingugnsgatan 8<br \/>\n216 16 Malm\u00f6, Sweden<\/p>\n<p>Contact: Jan-Tore S\u00f6rlie , Sales<br \/>\nTel: +47 90 848 807<br \/>\nE-Mail: jantore.sorlie@esd-center.se<br \/>\nInternet: www.esd-center.se<\/p>\n<p><\/div><\/div><br \/>\n<div class=\"toggle\"><div class=\"toggle-title\">Austria<\/div><div class=\"toggle-inner\"><\/p>\n<p>GF-TECH GmbH (Preforming only)<br \/>\nArbeiterheimstra\u00dfe 46<br \/>\nA-4662 Laakirchen<br \/>\nTel: +43 7613 32409<br \/>\nE-Mail: office@gf-tech.at<\/p>\n<p>ATT VertriebsgesmbH (Selective Soldering only)<br \/>\nSimmeringer Hauptstra\u00dfe 24<br \/>\nAT- 1110 Wien<br \/>\nKontakt: Hr. Thonhauser<br \/>\nTel: +43 (1) 740 40 224<br \/>\nMobil: +43 (664) 23 07 935<br \/>\nE-Mail: c.thonhauser@att.co.at<\/p>\n<p><\/div><\/div><br \/>\n<div class=\"toggle\"><div class=\"toggle-title\">Poland<\/div><div class=\"toggle-inner\"><\/p>\n<p>PAKT Electronics Aleksinski s.j. (Selectiv Soldering and Preforming )<br \/>\nPapiezka 71a<br \/>\n87-800 Wloclawek<br \/>\nLukasz Kazmierczak<br \/>\nTel.: +48 608664589<br \/>\nFax.: +48 54 2371250<br \/>\nE-Mail: lukasz@paktel.pl<br \/>\nInternet: www.paktel.pl<\/p>\n<p>&#8212;&#8212;&#8212;-<\/p>\n<p>RENEX ( only preforming )<br \/>\nAl. Kazimierza Wielkiego 6E<br \/>\n87-800 W\u0142oc\u0142awek<br \/>\nContact: Adam Waszin<br \/>\nProduct Manager<br \/>\nTel.: +48 605 101 490<br \/>\nFax: +48 54 4112555<br \/>\nE-Mail: adam.waszin@renex.com.pl<br \/>\nInternet: www.renex.com.pl<\/p>\n<p><\/div><\/div><br \/>\n<div class=\"toggle\"><div class=\"toggle-title\">Portugal<\/div><div class=\"toggle-inner\"><\/p>\n<p>MANN S.A.<br \/>\nAv. Inf. D. Henrique 620, 2750-168 Cascais, Portugal<br \/>\nContact: Sonia Patricia<br \/>\nTel: +351 214 830 864<br \/>\nemail: sonia@mann.pt<br \/>\nInternet: www.mann.pt<\/p>\n<p><\/div><\/div><br \/>\n<div class=\"toggle\"><div class=\"toggle-title\">Romania<\/div><div class=\"toggle-inner\"><\/p>\n<p>ATT<br \/>\nIstv\u00e1n B\u00f6gy\u00f6s<br \/>\nTel: 0036-22-505882<br \/>\nMobil: 0036-20-9495477<br \/>\nE-Mail: i.bogyos@att.co.at<br \/>\nHomepage: www.att.co.at<\/p>\n<p>Oliver Gheorghe Rakoczi<br \/>\nTel: 0036-22-505882<br \/>\nMobil: 0036-20-5795840<br \/>\nE-Mail: o.rakoczi@att.co.at<br \/>\nHomepage: www.att.co.at<\/p>\n<p><\/div><\/div><br \/>\n<div class=\"toggle\"><div class=\"toggle-title\">Sweden<\/div><div class=\"toggle-inner\"><\/p>\n<p>ESD-Center AB<br \/>\nRingugnsgatan 8, 216 16 Malm\u00f6, Sweden<br \/>\nContact: Lars Paalo<br \/>\nTel: +46 (0)8 626 42 84<br \/>\nFax: +46 (0)709 57 40 84<br \/>\nE-Mail: lars.paalo@esd-center.se<br \/>\nHomepage: www.esd-center.se<\/p>\n<p><\/div><\/div><br \/>\n<div class=\"toggle\"><div class=\"toggle-title\">Switzerland<\/div><div class=\"toggle-inner\"><\/p>\n<p>EBSO GmbH<br \/>\nIndustriestrasse 15 B<br \/>\nD-76767 Hagenbach<br \/>\nTel: +49 7273 9358 0<br \/>\nFax: +49 7273 9358 28<br \/>\nE-Mail: info@ebso.com<\/p>\n<p><\/div><\/div><br \/>\n<div class=\"toggle\"><div class=\"toggle-title\">Slovakia<\/div><div class=\"toggle-inner\"><\/p>\n<p>ATT VertriebsgesmbH<br \/>\nSimmeringer Hauptstra\u00dfe 24<br \/>\nAT- 1110 Wien<br \/>\nKontakt: Pavel Tomasek<br \/>\nIng. Pavel Tomasek<br \/>\nMobil: +421 911 886 886<br \/>\nEmail: p.tomasek@att.co.at<\/p>\n<p><\/div><\/div><br \/>\n<div class=\"toggle\"><div class=\"toggle-title\">Slowenia<\/div><div class=\"toggle-inner\"><\/p>\n<p>ATT VertriebsgesmbH (Selective Soldering only)<br \/>\nSimmeringer Hauptstra\u00dfe 24<br \/>\nAT- 1110 Wien<br \/>\nKontakt: Hr. Thonhauser<br \/>\nTel: +43 (1) 740 40 224<br \/>\nMobil: +43 (664) 23 07 935<br \/>\nE-Mail: c.thonhauser@att.co.at<\/p>\n<p><\/div><\/div><br \/>\n<div class=\"toggle\"><div class=\"toggle-title\">Spain<\/div><div class=\"toggle-inner\"><\/p>\n<p>Estanflux S.A.<br \/>\nC. Gomis,1 \u00b7<br \/>\n08023 BARCELONA<br \/>\nTel.: +34 93 351 61 51<br \/>\nFax: +34 93 352 38 45<br \/>\ninfo@estanflux.com<br \/>\nwww.estanflux.es<\/p>\n<p><\/div><\/div><br \/>\n<div class=\"toggle\"><div class=\"toggle-title\">Czechia<\/div><div class=\"toggle-inner\"><\/p>\n<p>ATT<br \/>\nIng. Pavel Tom\u00e1sek<br \/>\nMobil: 00421-911-886886<br \/>\nE-Mail: p.tomasek@att.co.at<br \/>\nHomepage: www.att.co.at<\/p>\n<p><\/div><\/div><br \/>\n<div class=\"toggle\"><div class=\"toggle-title\">UK<\/div><div class=\"toggle-inner\"><\/p>\n<p>Blundell Production Equipment Ltd.<br \/>\nQuinn Close<br \/>\nSeven Stars Industrial Estate<br \/>\nCoventry<br \/>\nTel: 0044 (0) 24 7647 3003<br \/>\nFax: 0044 (0) 24 7642 1914<br \/>\noder 0044 (0) 24 7669 4115<br \/>\nContact(s): Paul and Neil Blundell<br \/>\nEmail: paulb@blundell.co.uk<br \/>\nneil@blundell.co.uk<br \/>\nInternet: www.blundell.co.uk<\/p>\n<p><\/div><\/div><br \/>\n<div class=\"toggle\"><div class=\"toggle-title\">Hungary<\/div><div class=\"toggle-inner\"><\/p>\n<p>ATT<br \/>\nAdam Tibai<br \/>\nTel: 0036-22-505882<br \/>\nMobil: 0036-20-3347177<br \/>\nE-Mail: a.tibai@att.co.at<br \/>\nHomepage: www.att.co.at<\/p>\n<p>InterElectronic Hungary<br \/>\nKaroly Peics<br \/>\nTel.: +36302964505<br \/>\n1222 Budapest, Gy\u00e1r utca 15. (M9)<br \/>\ninfo@interelectronic.hu<\/p>\n<p><\/div><\/div><br \/>\n<\/div>\n","protected":false},"excerpt":{"rendered":"","protected":false},"author":2,"featured_media":0,"parent":518,"menu_order":0,"comment_status":"closed","ping_status":"open","template":"","meta":{"footnotes":""},"aioseo_notices":[],"_links":{"self":[{"href":"http:\/\/www.ebso.com\/web\/wp-json\/wp\/v2\/pages\/527"}],"collection":[{"href":"http:\/\/www.ebso.com\/web\/wp-json\/wp\/v2\/pages"}],"about":[{"href":"http:\/\/www.ebso.com\/web\/wp-json\/wp\/v2\/types\/page"}],"author":[{"embeddable":true,"href":"http:\/\/www.ebso.com\/web\/wp-json\/wp\/v2\/users\/2"}],"replies":[{"embeddable":true,"href":"http:\/\/www.ebso.com\/web\/wp-json\/wp\/v2\/comments?post=527"}],"version-history":[{"count":30,"href":"http:\/\/www.ebso.com\/web\/wp-json\/wp\/v2\/pages\/527\/revisions"}],"predecessor-version":[{"id":1108,"href":"http:\/\/www.ebso.com\/web\/wp-json\/wp\/v2\/pages\/527\/revisions\/1108"}],"up":[{"embeddable":true,"href":"http:\/\/www.ebso.com\/web\/wp-json\/wp\/v2\/pages\/518"}],"wp:attachment":[{"href":"http:\/\/www.ebso.com\/web\/wp-json\/wp\/v2\/media?parent=527"}],"curies":[{"name":"wp","href":"https:\/\/api.w.org\/{rel}","templated":true}]}}