{"id":50,"date":"2013-06-18T16:41:04","date_gmt":"2013-06-18T14:41:04","guid":{"rendered":"http:\/\/ebso.com\/web\/?page_id=50"},"modified":"2018-05-25T14:32:53","modified_gmt":"2018-05-25T12:32:53","slug":"kontakt","status":"publish","type":"page","link":"http:\/\/www.ebso.com\/web\/kontakt\/","title":{"rendered":"KONTAKT"},"content":{"rendered":"<p>F\u00fcr Fragen stehen wir Ihnen gerne zur Verf\u00fcgung. <div class=\"one-half\">EBSO GmbH Industriestrasse 15 B<br \/>\nD-76767 Hagenbach<\/div> <div class=\"one-half last\">Tel.: +49 7273 9358 0<br \/>\nFax: +49 7273 9358 28<br \/>\nemail: sales(at)ebso.com<\/div><div class=\"clear\"><\/div> <iframe loading=\"lazy\" src=\"http:\/\/maps.google.de\/maps?f=q&amp;source=s_q&amp;hl=de&amp;geocode=&amp;q=Industriestra%C3%9Fe+15,+Hagenbach&amp;aq=0&amp;oq=Industriestra%C3%9Fe+15,+Hagenbach&amp;sll=48.661847,9.003665&amp;sspn=5.965604,16.907959&amp;ie=UTF8&amp;hq=&amp;hnear=Industriestra%C3%9Fe+15,+76767+Hagenbach,+Rheinland-Pfalz&amp;ll=49.01067,8.25173&amp;spn=0.185108,0.528374&amp;t=m&amp;z=12&amp;output=embed\" width=\"100%\" height=\"250\" frameborder=\"0\" marginwidth=\"0\" marginheight=\"0\" scrolling=\"no\"><\/iframe> <small><a style=\"color: #0000ff; text-align: left;\" href=\"http:\/\/maps.google.de\/maps?f=q&amp;source=embed&amp;hl=de&amp;geocode=&amp;q=Industriestra%C3%9Fe+15,+Hagenbach&amp;aq=0&amp;oq=Industriestra%C3%9Fe+15,+Hagenbach&amp;sll=48.661847,9.003665&amp;sspn=5.965604,16.907959&amp;ie=UTF8&amp;hq=&amp;hnear=Industriestra%C3%9Fe+15,+76767+Hagenbach,+Rheinland-Pfalz&amp;ll=49.01067,8.25173&amp;spn=0.185108,0.528374&amp;t=m&amp;z=12\">Gr\u00f6\u00dfere Kartenansicht<\/a><\/small><\/p>\n<hr \/>\n<p><strong>Nehmen Sie direkt Kontakt mit uns auf:<\/strong> <form method=\"post\" action=\"http:\/\/www.ebso.com\/web\/wp-admin\/admin-ajax.php\" class=\"contact-form\" id=\"contact-form\"><input type=\"hidden\" name=\"action\" value=\"om_ajax_contact_form\"><div class=\"line\"><input type=\"text\" name=\"fields[TmFtZQ==]\" placeholder=\"Name*\" value=\"\"   class=\"required\" \/><\/div><div class=\"line\"><input type=\"text\" name=\"fields[ZU1haWw=]\" placeholder=\"eMail*\" value=\"\"   class=\"required\" \/><\/div><div class=\"line\"><textarea rows=\"4\" name=\"fields[TmFjaHJpY2h0IC8gTWVzc2FnZQ==]\" placeholder=\"Nachricht \/ Message*\"  class=\"required\"><\/textarea><\/div><input type=\"submit\" value=\"Senden - Submit\" \/><\/form><div id=\"contact-form-success\" class=\"infopane color-1 dn\"><div class=\"inner\" style=\"background-image:url(http:\/\/www.ebso.com\/web\/wp-content\/themes\/metro\/img\/icons\/0101.png)\">Ihre Nachricht wurde erfolgreich gesendet!\r\nYour message delivered successfully!<\/div><\/div><div id=\"contact-form-error\" class=\"infopane color-5 dn\"><div class=\"inner\" style=\"background-image:url(http:\/\/www.ebso.com\/web\/wp-content\/themes\/metro\/img\/icons\/0100.png)\">Sorry, an error has occured.<\/div><\/div><br \/>\n<!--more--><\/p>\n<p><code><\/code><code><\/code><\/p>\n","protected":false},"excerpt":{"rendered":"<p>F\u00fcr Fragen stehen wir Ihnen gerne zur Verf\u00fcgung. Gr\u00f6\u00dfere Kartenansicht Nehmen Sie direkt Kontakt mit <a href=\"http:\/\/www.ebso.com\/web\/kontakt\/\">Read more<\/a><\/p>\n","protected":false},"author":2,"featured_media":0,"parent":0,"menu_order":0,"comment_status":"closed","ping_status":"open","template":"","meta":{"footnotes":""},"aioseo_notices":[],"_links":{"self":[{"href":"http:\/\/www.ebso.com\/web\/wp-json\/wp\/v2\/pages\/50"}],"collection":[{"href":"http:\/\/www.ebso.com\/web\/wp-json\/wp\/v2\/pages"}],"about":[{"href":"http:\/\/www.ebso.com\/web\/wp-json\/wp\/v2\/types\/page"}],"author":[{"embeddable":true,"href":"http:\/\/www.ebso.com\/web\/wp-json\/wp\/v2\/users\/2"}],"replies":[{"embeddable":true,"href":"http:\/\/www.ebso.com\/web\/wp-json\/wp\/v2\/comments?post=50"}],"version-history":[{"count":24,"href":"http:\/\/www.ebso.com\/web\/wp-json\/wp\/v2\/pages\/50\/revisions"}],"predecessor-version":[{"id":1065,"href":"http:\/\/www.ebso.com\/web\/wp-json\/wp\/v2\/pages\/50\/revisions\/1065"}],"wp:attachment":[{"href":"http:\/\/www.ebso.com\/web\/wp-json\/wp\/v2\/media?parent=50"}],"curies":[{"name":"wp","href":"https:\/\/api.w.org\/{rel}","templated":true}]}}