{"id":472,"date":"2013-06-19T15:44:52","date_gmt":"2013-06-19T13:44:52","guid":{"rendered":"http:\/\/ebso.com\/web\/?page_id=472"},"modified":"2013-10-12T15:48:21","modified_gmt":"2013-10-12T13:48:21","slug":"lotosen","status":"publish","type":"page","link":"http:\/\/www.ebso.com\/web\/leistungen\/sonstiges\/lotosen\/","title":{"rendered":"L\u00f6t\u00f6sen Typ A 040"},"content":{"rendered":"<p><strong><a href=\"http:\/\/ebso.com\/web\/wp-content\/uploads\/2013\/06\/loetoesen.jpg\" data-rel=\"lightbox-gallery-KnoeW4GC\" data-rl_title=\"\" data-rl_caption=\"\" title=\"\"><img decoding=\"async\" loading=\"lazy\" class=\"alignright size-full wp-image-475\" alt=\"loetoesen\" src=\"http:\/\/ebso.com\/web\/wp-content\/uploads\/2013\/06\/loetoesen.jpg\" width=\"150\" height=\"239\" \/><\/a>L\u00f6t\u00f6sen-Einsetzvorrichtung Typ A 040<\/strong><\/p>\n<p><strong>Funktionsweise:<\/strong><\/p>\n<p>Die L\u00f6t\u00f6sen-Einsetzvorrichtung, Typ A 040 dient zum Einsetzen von vormagazinierten L\u00f6t\u00f6sen. Die L\u00f6t\u00f6sen werden der Vorrichtung automatisch zugef\u00fchrt und \u00fcber einen Druckluftzylinder in die Leiterplatte eingepre\u00dft. Dabei wird die Leiterplatte unter die Setzposition gehalten. Der Setzvorgang wird \u00fcber einen Taststift ausgel\u00f6st.<\/p>\n<p>Die Einsetzvorrichtung verarbeitet alle handels\u00fcblichen L\u00f6t\u00f6sen, die auf einem Draht oder einem Klebestreifen aufgereiht sind.<\/p>\n<p>Durch Auswechseln des Einsetzkopfes und des Magazins k\u00f6nnen auch L\u00f6t\u00f6sen mit anderen Ma\u00dfen und Formen verarbeitet werden. Die Umr\u00fcstzeit liegt bei ca. 10 Minuten.<\/p>\n<p><em>Anmerkung:<\/em><br \/>\n<em>Bitte fragen Sie bei uns nach wenn es um\u00a0 die Verarbeitung von L\u00f6t\u00f6sen in anderen Anlieferformen geht.<\/em><\/p>\n<table width=\"100%\" border=\"0\" cellpadding=\"0\">\n<tbody>\n<tr>\n<td valign=\"top\">Spezifikation:<\/td>\n<td valign=\"top\"><\/td>\n<\/tr>\n<tr>\n<td valign=\"top\">&#8211; Ma\u00dfe:<\/td>\n<td valign=\"top\">320 x 600 x 600 mm<\/td>\n<\/tr>\n<tr>\n<td valign=\"top\">&#8211; Gewicht:<\/td>\n<td valign=\"top\">ca. 20 kg<\/td>\n<\/tr>\n<tr>\n<td valign=\"top\">&#8211; Anschlu\u00df:<\/td>\n<td valign=\"top\">230V \/ 50 Hz \/ 100W<\/td>\n<\/tr>\n<tr>\n<td valign=\"top\">&#8211; Druckluft:<\/td>\n<td valign=\"top\">3,5 bis 4,0 bar<\/td>\n<\/tr>\n<tr>\n<td valign=\"top\">&#8211; Magazin:<\/td>\n<td valign=\"top\">300 bis 400 L\u00f6t\u00f6sen<br \/>\n(aufgef\u00e4delt)<\/td>\n<\/tr>\n<tr>\n<td valign=\"top\">&#8211; Leistung:<\/td>\n<td valign=\"top\">Sekundentakt<\/td>\n<\/tr>\n<tr>\n<td valign=\"top\">Anmerkung:<\/td>\n<td valign=\"top\">L\u00f6t\u00f6sen- Einsetzvorrichtung<br \/>\nTyp A 040\/R f\u00fcr L\u00f6t\u00f6sen aus<br \/>\ndem Rundf\u00f6rderer<\/td>\n<\/tr>\n<\/tbody>\n<\/table>\n<p><strong>Bauteileformen<\/strong><\/p>\n<p><a href=\"http:\/\/ebso.com\/web\/wp-content\/uploads\/2013\/06\/zeichnunglot.jpg\" data-rel=\"lightbox-gallery-KnoeW4GC\" data-rl_title=\"\" data-rl_caption=\"\" title=\"\"><img decoding=\"async\" loading=\"lazy\" class=\"alignnone size-full wp-image-474\" alt=\"zeichnunglot\" src=\"http:\/\/ebso.com\/web\/wp-content\/uploads\/2013\/06\/zeichnunglot.jpg\" width=\"147\" height=\"36\" srcset=\"http:\/\/www.ebso.com\/web\/wp-content\/uploads\/2013\/06\/zeichnunglot.jpg 147w, http:\/\/www.ebso.com\/web\/wp-content\/uploads\/2013\/06\/zeichnunglot-144x36.jpg 144w\" sizes=\"(max-width: 147px) 100vw, 147px\" \/><\/a><\/p>\n","protected":false},"excerpt":{"rendered":"<p>L\u00f6t\u00f6sen-Einsetzvorrichtung Typ A 040 Funktionsweise: Die L\u00f6t\u00f6sen-Einsetzvorrichtung, Typ A 040 dient zum Einsetzen von vormagazinierten <a href=\"http:\/\/www.ebso.com\/web\/leistungen\/sonstiges\/lotosen\/\">Read more<\/a><\/p>\n","protected":false},"author":2,"featured_media":0,"parent":469,"menu_order":0,"comment_status":"closed","ping_status":"open","template":"","meta":{"footnotes":""},"aioseo_notices":[],"_links":{"self":[{"href":"http:\/\/www.ebso.com\/web\/wp-json\/wp\/v2\/pages\/472"}],"collection":[{"href":"http:\/\/www.ebso.com\/web\/wp-json\/wp\/v2\/pages"}],"about":[{"href":"http:\/\/www.ebso.com\/web\/wp-json\/wp\/v2\/types\/page"}],"author":[{"embeddable":true,"href":"http:\/\/www.ebso.com\/web\/wp-json\/wp\/v2\/users\/2"}],"replies":[{"embeddable":true,"href":"http:\/\/www.ebso.com\/web\/wp-json\/wp\/v2\/comments?post=472"}],"version-history":[{"count":4,"href":"http:\/\/www.ebso.com\/web\/wp-json\/wp\/v2\/pages\/472\/revisions"}],"predecessor-version":[{"id":684,"href":"http:\/\/www.ebso.com\/web\/wp-json\/wp\/v2\/pages\/472\/revisions\/684"}],"up":[{"embeddable":true,"href":"http:\/\/www.ebso.com\/web\/wp-json\/wp\/v2\/pages\/469"}],"wp:attachment":[{"href":"http:\/\/www.ebso.com\/web\/wp-json\/wp\/v2\/media?parent=472"}],"curies":[{"name":"wp","href":"https:\/\/api.w.org\/{rel}","templated":true}]}}