{"id":469,"date":"2013-06-19T15:38:35","date_gmt":"2013-06-19T13:38:35","guid":{"rendered":"http:\/\/ebso.com\/web\/?page_id=469"},"modified":"2016-06-30T10:09:40","modified_gmt":"2016-06-30T08:09:40","slug":"sonstiges","status":"publish","type":"page","link":"http:\/\/www.ebso.com\/web\/leistungen\/sonstiges\/","title":{"rendered":"SONSTIGES"},"content":{"rendered":"<p><a class=\"button single-color text-bright size-large\" href=\"http:\/\/ebso.com\/web\/leistungen\/sonstiges\/bauteilezahler\/\" id=\"sc_button_1\">Bauteilez\u00e4hler Ebsomat 30-1<\/a><style>#sc_button_1{color:#ffffff !important}<\/style>\u00a0<a class=\"button single-color text-bright size-large\" href=\"http:\/\/ebso.com\/web\/leistungen\/sonstiges\/lotosen\/\" id=\"sc_button_2\">L\u00f6t\u00f6sen Typ A 040<\/a><style>#sc_button_2{color:#ffffff !important}<\/style><\/p>\n<p><a href=\"http:\/\/ebso.com\/web\/wp-content\/uploads\/2013\/06\/further.jpg\" data-rel=\"lightbox-gallery-s7V1WM8s\" data-rl_title=\"\" data-rl_caption=\"\" title=\"\"><img decoding=\"async\" loading=\"lazy\" class=\"alignright size-full wp-image-470\" alt=\"further\" src=\"http:\/\/ebso.com\/web\/wp-content\/uploads\/2013\/06\/further.jpg\" width=\"300\" height=\"277\" \/><\/a>Neben unseren Standard-Ger\u00e4ten bieten wir noch L\u00f6tdampfabsorber, Bauteilez\u00e4hler und Ger\u00e4te zum Einsetzen von L\u00f6t\u00f6sen an.<\/p>\n","protected":false},"excerpt":{"rendered":"<p>\u00a0 Neben unseren Standard-Ger\u00e4ten bieten wir noch L\u00f6tdampfabsorber, Bauteilez\u00e4hler und Ger\u00e4te zum Einsetzen von L\u00f6t\u00f6sen <a href=\"http:\/\/www.ebso.com\/web\/leistungen\/sonstiges\/\">Read more<\/a><\/p>\n","protected":false},"author":2,"featured_media":0,"parent":52,"menu_order":0,"comment_status":"closed","ping_status":"open","template":"","meta":{"footnotes":""},"aioseo_notices":[],"_links":{"self":[{"href":"http:\/\/www.ebso.com\/web\/wp-json\/wp\/v2\/pages\/469"}],"collection":[{"href":"http:\/\/www.ebso.com\/web\/wp-json\/wp\/v2\/pages"}],"about":[{"href":"http:\/\/www.ebso.com\/web\/wp-json\/wp\/v2\/types\/page"}],"author":[{"embeddable":true,"href":"http:\/\/www.ebso.com\/web\/wp-json\/wp\/v2\/users\/2"}],"replies":[{"embeddable":true,"href":"http:\/\/www.ebso.com\/web\/wp-json\/wp\/v2\/comments?post=469"}],"version-history":[{"count":4,"href":"http:\/\/www.ebso.com\/web\/wp-json\/wp\/v2\/pages\/469\/revisions"}],"predecessor-version":[{"id":1005,"href":"http:\/\/www.ebso.com\/web\/wp-json\/wp\/v2\/pages\/469\/revisions\/1005"}],"up":[{"embeddable":true,"href":"http:\/\/www.ebso.com\/web\/wp-json\/wp\/v2\/pages\/52"}],"wp:attachment":[{"href":"http:\/\/www.ebso.com\/web\/wp-json\/wp\/v2\/media?parent=469"}],"curies":[{"name":"wp","href":"https:\/\/api.w.org\/{rel}","templated":true}]}}