{"id":454,"date":"2013-06-19T15:28:29","date_gmt":"2013-06-19T13:28:29","guid":{"rendered":"http:\/\/ebso.com\/web\/?page_id=454"},"modified":"2022-03-08T17:57:09","modified_gmt":"2022-03-08T16:57:09","slug":"easycut-100","status":"publish","type":"page","link":"http:\/\/www.ebso.com\/web\/leistungen\/nutzentrenner\/easycut-100\/","title":{"rendered":"EasyCut 100"},"content":{"rendered":"<p><strong><img decoding=\"async\" loading=\"lazy\" class=\"wp-image-1132 size-medium alignright\" src=\"http:\/\/www.ebso.com\/web\/wp-content\/uploads\/2022\/03\/Ebso_Easycut_100-206x300.jpg\" alt=\"\" width=\"206\" height=\"300\" srcset=\"http:\/\/www.ebso.com\/web\/wp-content\/uploads\/2022\/03\/Ebso_Easycut_100-206x300.jpg 206w, http:\/\/www.ebso.com\/web\/wp-content\/uploads\/2022\/03\/Ebso_Easycut_100-703x1024.jpg 703w, http:\/\/www.ebso.com\/web\/wp-content\/uploads\/2022\/03\/Ebso_Easycut_100-768x1118.jpg 768w, http:\/\/www.ebso.com\/web\/wp-content\/uploads\/2022\/03\/Ebso_Easycut_100-1055x1536.jpg 1055w, http:\/\/www.ebso.com\/web\/wp-content\/uploads\/2022\/03\/Ebso_Easycut_100-1407x2048.jpg 1407w, http:\/\/www.ebso.com\/web\/wp-content\/uploads\/2022\/03\/Ebso_Easycut_100-900x1310.jpg 900w, http:\/\/www.ebso.com\/web\/wp-content\/uploads\/2022\/03\/Ebso_Easycut_100-924x1345.jpg 924w, http:\/\/www.ebso.com\/web\/wp-content\/uploads\/2022\/03\/Ebso_Easycut_100-scaled.jpg 1759w\" sizes=\"(max-width: 206px) 100vw, 206px\" \/>PCB Nibbler \u2013 Stegtrenner<\/strong><\/p>\n<p><strong>N 100 Nibbler &#8211; Stegtrenner<\/strong><\/p>\n<p>Der N 100 Nibbler trennt umri\u00dfgefr\u00e4\u00dfte Nutzenleiterplatten schonend und schnell. Die Stege werden sauber und glatt herausgeschnitten. Der N100 wird mittels Druckluft angetrieben. Der dabei ben\u00f6tigte Druck betr\u00e4gt 6 \u2013 8 bar. Mit dieser Druckluftmaschine werden Nutzenleiterplatten ohne Staubaufwirbelung getrennt.<\/p>\n<p>Es stehen 3 Messerdicken und ein<br \/>\nT-Messer zur Verf\u00fcgung.<\/p>\n<p>Mit dem T \u2013 Messer k\u00f6nnen Sie in beide Richtungen trennen ohne die Leiterplatte zu drehen.<\/p>\n<hr \/>\n<a class=\"button single-color text-bright add-tooltip size-medium\" href=\"http:\/\/ebso.com\/web\/wp-content\/uploads\/2013\/06\/EasyCut100.pdf\" target=\"_blank\" title=\"Download PDF\" id=\"sc_button_1\">http:\/\/ebso.com\/web\/wp-content\/uploads\/2013\/06\/EasyCut100<\/a><style>#sc_button_1{color:#ffffff !important}<\/style>\n","protected":false},"excerpt":{"rendered":"<p>PCB Nibbler \u2013 Stegtrenner N 100 Nibbler &#8211; Stegtrenner Der N 100 Nibbler trennt umri\u00dfgefr\u00e4\u00dfte <a href=\"http:\/\/www.ebso.com\/web\/leistungen\/nutzentrenner\/easycut-100\/\">Read more<\/a><\/p>\n","protected":false},"author":2,"featured_media":0,"parent":450,"menu_order":0,"comment_status":"closed","ping_status":"open","template":"","meta":{"footnotes":""},"aioseo_notices":[],"_links":{"self":[{"href":"http:\/\/www.ebso.com\/web\/wp-json\/wp\/v2\/pages\/454"}],"collection":[{"href":"http:\/\/www.ebso.com\/web\/wp-json\/wp\/v2\/pages"}],"about":[{"href":"http:\/\/www.ebso.com\/web\/wp-json\/wp\/v2\/types\/page"}],"author":[{"embeddable":true,"href":"http:\/\/www.ebso.com\/web\/wp-json\/wp\/v2\/users\/2"}],"replies":[{"embeddable":true,"href":"http:\/\/www.ebso.com\/web\/wp-json\/wp\/v2\/comments?post=454"}],"version-history":[{"count":2,"href":"http:\/\/www.ebso.com\/web\/wp-json\/wp\/v2\/pages\/454\/revisions"}],"predecessor-version":[{"id":1193,"href":"http:\/\/www.ebso.com\/web\/wp-json\/wp\/v2\/pages\/454\/revisions\/1193"}],"up":[{"embeddable":true,"href":"http:\/\/www.ebso.com\/web\/wp-json\/wp\/v2\/pages\/450"}],"wp:attachment":[{"href":"http:\/\/www.ebso.com\/web\/wp-json\/wp\/v2\/media?parent=454"}],"curies":[{"name":"wp","href":"https:\/\/api.w.org\/{rel}","templated":true}]}}