{"id":450,"date":"2013-06-19T15:23:29","date_gmt":"2013-06-19T13:23:29","guid":{"rendered":"http:\/\/ebso.com\/web\/?page_id=450"},"modified":"2014-04-10T09:48:22","modified_gmt":"2014-04-10T07:48:22","slug":"nutzentrenner","status":"publish","type":"page","link":"http:\/\/www.ebso.com\/web\/leistungen\/nutzentrenner\/","title":{"rendered":"NUTZENTRENNER"},"content":{"rendered":"<p><a class=\"button single-color text-bright size-large\" href=\"http:\/\/ebso.com\/web\/leistungen\/nutzentrenner\/easycut-100\/\" id=\"sc_button_1\">EasyCut 100<\/a><style>#sc_button_1{color:#ffffff !important}<\/style>\u00a0<a class=\"button single-color text-bright size-large\" href=\"http:\/\/ebso.com\/web\/leistungen\/nutzentrenner\/easycut-300-300m\/\" id=\"sc_button_2\">EasyCut 300 \/ 300M<\/a><style>#sc_button_2{color:#ffffff !important}<\/style> <a class=\"button single-color text-bright size-large\" href=\"http:\/\/ebso.com\/web\/leistungen\/nutzentrenner\/easycut-450\/\" id=\"sc_button_3\">EasyCut 450<\/a><style>#sc_button_3{color:#ffffff !important}<\/style><\/p>\n<p>Bitte w\u00e4hlen Sie den geeigneten Typ zum Trennen von Nutzenplatinen nach Gr\u00f6\u00dfe der Platine, manuell oder motorisiert oder Platinentyp (geritzt oder Stege). <a href=\"http:\/\/www.ebso.com\/web\/wp-content\/uploads\/2013\/06\/EasyCut-450-001_bearb.jpg\" data-rel=\"lightbox-gallery-tND9Lcyc\" data-rl_title=\"\" data-rl_caption=\"\" title=\"\"><img decoding=\"async\" loading=\"lazy\" class=\"alignnone size-full wp-image-839\" alt=\"EasyCut-450-001_bearb\" src=\"http:\/\/www.ebso.com\/web\/wp-content\/uploads\/2013\/06\/EasyCut-450-001_bearb.jpg\" width=\"1200\" height=\"800\" srcset=\"http:\/\/www.ebso.com\/web\/wp-content\/uploads\/2013\/06\/EasyCut-450-001_bearb.jpg 1200w, http:\/\/www.ebso.com\/web\/wp-content\/uploads\/2013\/06\/EasyCut-450-001_bearb-300x200.jpg 300w, http:\/\/www.ebso.com\/web\/wp-content\/uploads\/2013\/06\/EasyCut-450-001_bearb-1024x682.jpg 1024w, http:\/\/www.ebso.com\/web\/wp-content\/uploads\/2013\/06\/EasyCut-450-001_bearb-900x600.jpg 900w, http:\/\/www.ebso.com\/web\/wp-content\/uploads\/2013\/06\/EasyCut-450-001_bearb-924x616.jpg 924w\" sizes=\"(max-width: 1200px) 100vw, 1200px\" \/><\/a><\/p>\n","protected":false},"excerpt":{"rendered":"<p>\u00a0 Bitte w\u00e4hlen Sie den geeigneten Typ zum Trennen von Nutzenplatinen nach Gr\u00f6\u00dfe der Platine, <a href=\"http:\/\/www.ebso.com\/web\/leistungen\/nutzentrenner\/\">Read more<\/a><\/p>\n","protected":false},"author":2,"featured_media":0,"parent":52,"menu_order":0,"comment_status":"closed","ping_status":"open","template":"","meta":{"footnotes":""},"aioseo_notices":[],"_links":{"self":[{"href":"http:\/\/www.ebso.com\/web\/wp-json\/wp\/v2\/pages\/450"}],"collection":[{"href":"http:\/\/www.ebso.com\/web\/wp-json\/wp\/v2\/pages"}],"about":[{"href":"http:\/\/www.ebso.com\/web\/wp-json\/wp\/v2\/types\/page"}],"author":[{"embeddable":true,"href":"http:\/\/www.ebso.com\/web\/wp-json\/wp\/v2\/users\/2"}],"replies":[{"embeddable":true,"href":"http:\/\/www.ebso.com\/web\/wp-json\/wp\/v2\/comments?post=450"}],"version-history":[{"count":8,"href":"http:\/\/www.ebso.com\/web\/wp-json\/wp\/v2\/pages\/450\/revisions"}],"predecessor-version":[{"id":844,"href":"http:\/\/www.ebso.com\/web\/wp-json\/wp\/v2\/pages\/450\/revisions\/844"}],"up":[{"embeddable":true,"href":"http:\/\/www.ebso.com\/web\/wp-json\/wp\/v2\/pages\/52"}],"wp:attachment":[{"href":"http:\/\/www.ebso.com\/web\/wp-json\/wp\/v2\/media?parent=450"}],"curies":[{"name":"wp","href":"https:\/\/api.w.org\/{rel}","templated":true}]}}