{"id":44,"date":"2013-06-18T16:39:30","date_gmt":"2013-06-18T14:39:30","guid":{"rendered":"http:\/\/ebso.com\/web\/?page_id=44"},"modified":"2023-01-05T11:00:52","modified_gmt":"2023-01-05T10:00:52","slug":"impressum","status":"publish","type":"page","link":"http:\/\/www.ebso.com\/web\/impressum\/","title":{"rendered":"IMPRESSUM"},"content":{"rendered":"<p><strong>Herausgeber<\/strong><\/p>\n<p>EBSO Maschinen und Apparatebau GmbH<br \/>\nIndustriestrasse 15 B<br \/>\nD-76767 Hagenbach<\/p>\n<p>Telefon: (+49) 07273- 9358 &#8211; 0<br \/>\nTelefax: (+49) 07273- 9358 &#8211; 28<br \/>\neMail:&nbsp;<a href=\"mailto:sales@ebso.com\">info@ebso.com<\/a><\/p>\n<p>Gesch\u00e4ftsf\u00fchrer: Olaf Klink<br \/>\nRegistergericht: Amtsgericht Landau, HRB 21581<br \/>\nUSt-ID-Nr.: DE 143594403<\/p>\n<hr>\n<p>AGB: Unsere AGB stehen als PDF-Datei zum Download bereit. <a title=\"AGBs der EBSO GmbH\" href=\"http:\/\/www.ebso.com\/web\/agb.pdf\" target=\"_blank\" rel=\"noopener noreferrer\"><strong>HIER KLICKEN<\/strong><\/a><\/p>\n<hr>\n<p><strong>Redaktion<\/strong><\/p>\n<p><a href=\"mailto:info@ebso.com\">info@ebso.com<\/a><\/p>\n<hr>\n<p><strong>Haftungsausschluss<\/strong><\/p>\n<p>Die EBSO GmbH \u00fcbernimmt keinerlei Haftung f\u00fcr die Inhalte externer Seiten die hier von dieser Seite verlinkt sind. EBSO ist f\u00fcr deren Inhalt nicht verantwortlich.<\/p>\n<hr>\n<p><strong>Webdesign und Programmierung<\/strong><\/p>\n<p>PIXELBRETT &#8211; <em>Die Werbeagentur f\u00fcr Alle!<\/em><br \/>\nWaldprechtsstr. 3<br \/>\n76316 Malsch<br \/>\n<a title=\"Webseite PIXELBRETT\" href=\"http:\/\/www.pixelbrett.de\" target=\"_blank\" rel=\"noopener noreferrer\">www.pixelbrett.de<\/a><\/p>\n","protected":false},"excerpt":{"rendered":"<p>Herausgeber EBSO Maschinen und Apparatebau GmbH Industriestrasse 15 B D-76767 Hagenbach Telefon: (+49) 07273- 9358 <a href=\"http:\/\/www.ebso.com\/web\/impressum\/\">Read more<\/a><\/p>\n","protected":false},"author":2,"featured_media":0,"parent":0,"menu_order":0,"comment_status":"closed","ping_status":"open","template":"","meta":{"footnotes":""},"aioseo_notices":[],"_links":{"self":[{"href":"http:\/\/www.ebso.com\/web\/wp-json\/wp\/v2\/pages\/44"}],"collection":[{"href":"http:\/\/www.ebso.com\/web\/wp-json\/wp\/v2\/pages"}],"about":[{"href":"http:\/\/www.ebso.com\/web\/wp-json\/wp\/v2\/types\/page"}],"author":[{"embeddable":true,"href":"http:\/\/www.ebso.com\/web\/wp-json\/wp\/v2\/users\/2"}],"replies":[{"embeddable":true,"href":"http:\/\/www.ebso.com\/web\/wp-json\/wp\/v2\/comments?post=44"}],"version-history":[{"count":16,"href":"http:\/\/www.ebso.com\/web\/wp-json\/wp\/v2\/pages\/44\/revisions"}],"predecessor-version":[{"id":1238,"href":"http:\/\/www.ebso.com\/web\/wp-json\/wp\/v2\/pages\/44\/revisions\/1238"}],"wp:attachment":[{"href":"http:\/\/www.ebso.com\/web\/wp-json\/wp\/v2\/media?parent=44"}],"curies":[{"name":"wp","href":"https:\/\/api.w.org\/{rel}","templated":true}]}}