{"id":435,"date":"2013-06-19T15:09:36","date_gmt":"2013-06-19T13:09:36","guid":{"rendered":"http:\/\/ebso.com\/web\/?page_id=435"},"modified":"2022-03-08T18:12:31","modified_gmt":"2022-03-08T17:12:31","slug":"e-20-5","status":"publish","type":"page","link":"http:\/\/www.ebso.com\/web\/leistungen\/bauteilevorbereitung\/steckerleisten\/e-20-5\/","title":{"rendered":"E 20-5"},"content":{"rendered":"<p><strong><a href=\"http:\/\/ebso.com\/web\/wp-content\/uploads\/2013\/06\/e20-5.jpg\" data-rel=\"lightbox-gallery-4UHFghvl\" data-rl_title=\"\" data-rl_caption=\"\" title=\"\"><img decoding=\"async\" loading=\"lazy\" class=\"alignright size-full wp-image-341\" alt=\"e20-5\" src=\"http:\/\/ebso.com\/web\/wp-content\/uploads\/2013\/06\/e20-5.jpg\" width=\"300\" height=\"240\" \/><\/a>Schneideger\u00e4t f\u00fcr<br \/>\n<em>D-SUB-, Stift- und Steckerleisten sowie f\u00fcr Bauteile mit dicken Anschl\u00fcssen<\/em><\/strong><\/p>\n<p>Das pneumatisch angetriebene Ger\u00e4t ist mit einem sehr robusten Schneidemesser mit Schr\u00e4gschnitt ausgestattet. Es wird \u00fcberwiegend zum Schneiden von D-SUB-, Stift- und Steck-leisten oder Bauteilen mit dicken Anschlu\u00df-dr\u00e4hten benutzt. Die Schneideplatte ist mit Lochrasterfeldern versehen und f\u00fcr Abschneid-l\u00e4ngen von 2.0 mm bis 5.00 mm erh\u00e4ltlich.<\/p>\n<p>Zwischenma\u00dfe f\u00fcr Abschneidl\u00e4ngen. Sonder-schneideplatten auf Anfrage.<\/p>\n<p>Im Lieferumfang ist ein Drahtabfallbeh\u00e4lter, Fu\u00dfschalter und Druckluftschlauch 4.0 mm<em>\u00d8,<\/em>\u00a02&#215;2 Meter enthalten.<\/p>\n<table border=\"0\" cellspacing=\"0\" cellpadding=\"0\">\n<tbody>\n<tr>\n<td valign=\"top\" width=\"113\">Technische Daten:<\/td>\n<td valign=\"top\" width=\"309\"><\/td>\n<\/tr>\n<tr>\n<td valign=\"top\" width=\"113\">Leistung:<\/td>\n<td valign=\"top\" width=\"309\">bis zu 1800 St\u00fcck\/Std.<\/td>\n<\/tr>\n<tr>\n<td valign=\"top\" width=\"113\">Abmessungen:<\/td>\n<td valign=\"top\" width=\"309\">240 x 125 x 160 mm (LxBxH)<\/td>\n<\/tr>\n<tr>\n<td valign=\"top\" width=\"113\">Gewicht:<\/td>\n<td valign=\"top\" width=\"309\">10 kg<\/td>\n<\/tr>\n<tr>\n<td valign=\"top\" width=\"113\">Anschlu\u00df:<\/td>\n<td valign=\"top\" width=\"309\">bis zu 6 bar<\/td>\n<\/tr>\n<\/tbody>\n<\/table>\n<hr \/>\n<a class=\"button single-color text-bright add-tooltip size-medium\" href=\"http:\/\/ebso.com\/web\/wp-content\/uploads\/2013\/06\/20-5-standard-cutting-plate-layout.pdf\" target=\"_blank\" title=\"Download PDF\" id=\"sc_button_1\">20-5-standard-cutting-plate-layout<\/a><style>#sc_button_1{color:#ffffff !important}<\/style>\n<a class=\"button single-color text-bright add-tooltip size-medium\" href=\"http:\/\/ebso.com\/web\/wp-content\/uploads\/2013\/06\/ebsomat20-5-brochure.pdf\" target=\"_blank\" title=\"Download PDF\" id=\"sc_button_2\">ebsomat20-5-brochure<\/a><style>#sc_button_2{color:#ffffff !important}<\/style>\n","protected":false},"excerpt":{"rendered":"<p>Schneideger\u00e4t f\u00fcr D-SUB-, Stift- und Steckerleisten sowie f\u00fcr Bauteile mit dicken Anschl\u00fcssen Das pneumatisch angetriebene <a href=\"http:\/\/www.ebso.com\/web\/leistungen\/bauteilevorbereitung\/steckerleisten\/e-20-5\/\">Read more<\/a><\/p>\n","protected":false},"author":2,"featured_media":0,"parent":429,"menu_order":0,"comment_status":"closed","ping_status":"closed","template":"","meta":{"footnotes":""},"aioseo_notices":[],"_links":{"self":[{"href":"http:\/\/www.ebso.com\/web\/wp-json\/wp\/v2\/pages\/435"}],"collection":[{"href":"http:\/\/www.ebso.com\/web\/wp-json\/wp\/v2\/pages"}],"about":[{"href":"http:\/\/www.ebso.com\/web\/wp-json\/wp\/v2\/types\/page"}],"author":[{"embeddable":true,"href":"http:\/\/www.ebso.com\/web\/wp-json\/wp\/v2\/users\/2"}],"replies":[{"embeddable":true,"href":"http:\/\/www.ebso.com\/web\/wp-json\/wp\/v2\/comments?post=435"}],"version-history":[{"count":3,"href":"http:\/\/www.ebso.com\/web\/wp-json\/wp\/v2\/pages\/435\/revisions"}],"predecessor-version":[{"id":1197,"href":"http:\/\/www.ebso.com\/web\/wp-json\/wp\/v2\/pages\/435\/revisions\/1197"}],"up":[{"embeddable":true,"href":"http:\/\/www.ebso.com\/web\/wp-json\/wp\/v2\/pages\/429"}],"wp:attachment":[{"href":"http:\/\/www.ebso.com\/web\/wp-json\/wp\/v2\/media?parent=435"}],"curies":[{"name":"wp","href":"https:\/\/api.w.org\/{rel}","templated":true}]}}