{"id":433,"date":"2013-06-19T15:07:58","date_gmt":"2013-06-19T13:07:58","guid":{"rendered":"http:\/\/ebso.com\/web\/?page_id=433"},"modified":"2013-10-12T15:39:37","modified_gmt":"2013-10-12T13:39:37","slug":"c-057","status":"publish","type":"page","link":"http:\/\/www.ebso.com\/web\/leistungen\/bauteilevorbereitung\/steckerleisten\/c-057\/","title":{"rendered":"C 057"},"content":{"rendered":"<p><strong>Universal &#8211; Schneidevorrichtung Typ C 057<\/strong><\/p>\n<p><a href=\"http:\/\/ebso.com\/web\/wp-content\/uploads\/2013\/06\/c057.jpg\" data-rel=\"lightbox-gallery-mDT2vJEo\" data-rl_title=\"\" data-rl_caption=\"\" title=\"\"><img decoding=\"async\" loading=\"lazy\" class=\"alignnone size-full wp-image-349\" alt=\"c057\" src=\"http:\/\/ebso.com\/web\/wp-content\/uploads\/2013\/06\/c057.jpg\" width=\"300\" height=\"97\" \/><\/a><\/p>\n<table width=\"100%\" border=\"1\" cellspacing=\"0\" cellpadding=\"0\">\n<tbody>\n<tr>\n<td colspan=\"2\" valign=\"top\">Spezifikationen<\/td>\n<\/tr>\n<tr>\n<td width=\"20%\">Ma\u00dfe:<\/td>\n<td width=\"78%\">420 x 200 x 70 mm<\/td>\n<\/tr>\n<tr>\n<td>Gewicht:<\/td>\n<td>ca. 3,5 kg<\/td>\n<\/tr>\n<tr>\n<td>Druckluft:<\/td>\n<td>4 bis 6 bar<\/td>\n<\/tr>\n<tr>\n<td>Rasterma\u00dfe:<\/td>\n<td>2,5 mm und 2,54 mm<\/td>\n<\/tr>\n<tr>\n<td valign=\"top\">Rasterfeld:<\/td>\n<td>13 x 21 Bohrungen f\u00fcr Steckerleisten<br \/>\nTO 18\/TO 92\/TO 5; 2,54 x 1,27 mm; 5,08 x 2,54 mm; 7,62 x 5,08 mm; Rundraster f\u00fcr Operationsverst\u00e4rker mit 8 und 10 Anschlu\u00dfdr\u00e4hten;<br \/>\nseitliche Schlitze zum Schneiden von Bauteilen mit langen Aschlu\u00dfdr\u00e4hten.<\/td>\n<\/tr>\n<tr>\n<td>Draht \u00d8:<\/td>\n<td>0,8 mm bis 1,5 mm<\/td>\n<\/tr>\n<tr>\n<td>Schneidel\u00e4nge:<\/td>\n<td>Standard 3 mm (andere Ma\u00dfe auf Anfrage)<\/td>\n<\/tr>\n<tr>\n<td>Bedienung:<\/td>\n<td>\u00fcber pneumatischen Fu\u00dfschalter<\/td>\n<\/tr>\n<tr>\n<td>Sonderlochbilder:<\/td>\n<td>auf Anfrage<\/td>\n<\/tr>\n<\/tbody>\n<\/table>\n<table width=\"100%\" border=\"0\" cellspacing=\"0\" cellpadding=\"0\">\n<tbody>\n<tr>\n<td width=\"68%\"><strong><a href=\"http:\/\/ebso.com\/web\/wp-content\/uploads\/2013\/06\/bauteile.jpg\" data-rel=\"lightbox-gallery-mDT2vJEo\" data-rl_title=\"\" data-rl_caption=\"\" title=\"\"><img decoding=\"async\" loading=\"lazy\" class=\"alignright size-full wp-image-350\" alt=\"bauteile\" src=\"http:\/\/ebso.com\/web\/wp-content\/uploads\/2013\/06\/bauteile.jpg\" width=\"100\" height=\"59\" \/><\/a><\/strong><\/p>\n<p><strong>Funktionsweise:<\/strong><\/p>\n<p>Die Vorrichtung Typ C 057 dient zum Schneiden der Abschlu\u00dfdr\u00e4hte auf L\u00e4nge bei Bauteilen mit axialen und radialen Drahtanschl\u00fcssen incl. ICs.<br \/>\nAuch Federleisten k\u00f6nnen hiermit geschnitten werden. Unter der Schnittplatte wird ein schr\u00e4g sitzendes Messer \u00fcber die gesamte Arbeitsfl\u00e4che bewegt, dadurch wird jeder Anschlu\u00df einzeln geschnitten.<\/p>\n<p>Die Platten werden aus hochwertigem Werkzeugstahl gefertigt, und auf 60 HRC geh\u00e4rtet und geschliffen.<\/td>\n<\/tr>\n<\/tbody>\n<\/table>\n<hr \/>\n<a class=\"button single-color text-bright add-tooltip size-medium\" href=\"http:\/\/ebso.com\/web\/wp-content\/uploads\/2013\/06\/C057-brochure.pdf\" target=\"_blank\" title=\"Download PDF\" id=\"sc_button_1\">C057-brochure<\/a><style>#sc_button_1{color:#ffffff !important}<\/style>\n","protected":false},"excerpt":{"rendered":"<p>Universal &#8211; Schneidevorrichtung Typ C 057 Spezifikationen Ma\u00dfe: 420 x 200 x 70 mm Gewicht: <a href=\"http:\/\/www.ebso.com\/web\/leistungen\/bauteilevorbereitung\/steckerleisten\/c-057\/\">Read more<\/a><\/p>\n","protected":false},"author":2,"featured_media":0,"parent":429,"menu_order":0,"comment_status":"closed","ping_status":"open","template":"","meta":{"footnotes":""},"aioseo_notices":[],"_links":{"self":[{"href":"http:\/\/www.ebso.com\/web\/wp-json\/wp\/v2\/pages\/433"}],"collection":[{"href":"http:\/\/www.ebso.com\/web\/wp-json\/wp\/v2\/pages"}],"about":[{"href":"http:\/\/www.ebso.com\/web\/wp-json\/wp\/v2\/types\/page"}],"author":[{"embeddable":true,"href":"http:\/\/www.ebso.com\/web\/wp-json\/wp\/v2\/users\/2"}],"replies":[{"embeddable":true,"href":"http:\/\/www.ebso.com\/web\/wp-json\/wp\/v2\/comments?post=433"}],"version-history":[{"count":1,"href":"http:\/\/www.ebso.com\/web\/wp-json\/wp\/v2\/pages\/433\/revisions"}],"predecessor-version":[{"id":673,"href":"http:\/\/www.ebso.com\/web\/wp-json\/wp\/v2\/pages\/433\/revisions\/673"}],"up":[{"embeddable":true,"href":"http:\/\/www.ebso.com\/web\/wp-json\/wp\/v2\/pages\/429"}],"wp:attachment":[{"href":"http:\/\/www.ebso.com\/web\/wp-json\/wp\/v2\/media?parent=433"}],"curies":[{"name":"wp","href":"https:\/\/api.w.org\/{rel}","templated":true}]}}