{"id":429,"date":"2013-06-19T15:06:13","date_gmt":"2013-06-19T13:06:13","guid":{"rendered":"http:\/\/ebso.com\/web\/?page_id=429"},"modified":"2014-02-21T16:59:35","modified_gmt":"2014-02-21T15:59:35","slug":"steckerleisten","status":"publish","type":"page","link":"http:\/\/www.ebso.com\/web\/leistungen\/bauteilevorbereitung\/steckerleisten\/","title":{"rendered":"STECKERLEISTEN"},"content":{"rendered":"<p><a class=\"button single-color text-bright size-large\" href=\"http:\/\/ebso.com\/web\/leistungen\/bauteilevorbereitung\/steckerleisten\/c-057\/\" id=\"sc_button_1\">C 057<\/a><style>#sc_button_1{color:#ffffff !important}<\/style>\u00a0<a class=\"button single-color text-bright size-large\" href=\"http:\/\/ebso.com\/web\/leistungen\/bauteilevorbereitung\/steckerleisten\/e-20-5\/\" id=\"sc_button_2\">E 20-5<\/a><style>#sc_button_2{color:#ffffff !important}<\/style><\/p>\n<p><a href=\"http:\/\/ebso.com\/web\/wp-content\/uploads\/2013\/06\/Steckerleisten.jpg\" data-rel=\"lightbox-gallery-1qzVP5QU\" data-rl_title=\"\" data-rl_caption=\"\" title=\"\"><img decoding=\"async\" loading=\"lazy\" class=\"alignright size-full wp-image-430\" alt=\"Steckerleisten\" src=\"http:\/\/ebso.com\/web\/wp-content\/uploads\/2013\/06\/Steckerleisten.jpg\" width=\"203\" height=\"107\" \/><\/a>F\u00fcr das Abl\u00e4ngen von starken Anschlu\u00dfdr\u00e4hten\u00a0wie SUB-D Stecker oder Stiftleisten\u00a0stehen 2 Varianten zur Verf\u00fcgung.<\/p>\n","protected":false},"excerpt":{"rendered":"<p>\u00a0 F\u00fcr das Abl\u00e4ngen von starken Anschlu\u00dfdr\u00e4hten\u00a0wie SUB-D Stecker oder Stiftleisten\u00a0stehen 2 Varianten zur Verf\u00fcgung.<\/p>\n","protected":false},"author":2,"featured_media":0,"parent":260,"menu_order":0,"comment_status":"closed","ping_status":"open","template":"","meta":{"footnotes":""},"aioseo_notices":[],"_links":{"self":[{"href":"http:\/\/www.ebso.com\/web\/wp-json\/wp\/v2\/pages\/429"}],"collection":[{"href":"http:\/\/www.ebso.com\/web\/wp-json\/wp\/v2\/pages"}],"about":[{"href":"http:\/\/www.ebso.com\/web\/wp-json\/wp\/v2\/types\/page"}],"author":[{"embeddable":true,"href":"http:\/\/www.ebso.com\/web\/wp-json\/wp\/v2\/users\/2"}],"replies":[{"embeddable":true,"href":"http:\/\/www.ebso.com\/web\/wp-json\/wp\/v2\/comments?post=429"}],"version-history":[{"count":5,"href":"http:\/\/www.ebso.com\/web\/wp-json\/wp\/v2\/pages\/429\/revisions"}],"predecessor-version":[{"id":815,"href":"http:\/\/www.ebso.com\/web\/wp-json\/wp\/v2\/pages\/429\/revisions\/815"}],"up":[{"embeddable":true,"href":"http:\/\/www.ebso.com\/web\/wp-json\/wp\/v2\/pages\/260"}],"wp:attachment":[{"href":"http:\/\/www.ebso.com\/web\/wp-json\/wp\/v2\/media?parent=429"}],"curies":[{"name":"wp","href":"https:\/\/api.w.org\/{rel}","templated":true}]}}