{"id":421,"date":"2013-06-19T15:02:28","date_gmt":"2013-06-19T13:02:28","guid":{"rendered":"http:\/\/ebso.com\/web\/?page_id=421"},"modified":"2022-03-18T14:55:15","modified_gmt":"2022-03-18T13:55:15","slug":"e-200","status":"publish","type":"page","link":"http:\/\/www.ebso.com\/web\/leistungen\/bauteilevorbereitung\/leistungstransistoren\/e-200\/","title":{"rendered":"E 200"},"content":{"rendered":"\n<div class=\"wp-block-group\"><div class=\"wp-block-group__inner-container is-layout-flow wp-block-group-is-layout-flow\">\n<p><strong><img decoding=\"async\" loading=\"lazy\" class=\"alignright wp-image-1145 size-medium\" src=\"http:\/\/www.ebso.com\/web\/wp-content\/uploads\/2022\/03\/web_Ebso_E-200-278x300.jpg\" alt=\"\" width=\"278\" height=\"300\" srcset=\"http:\/\/www.ebso.com\/web\/wp-content\/uploads\/2022\/03\/web_Ebso_E-200-278x300.jpg 278w, http:\/\/www.ebso.com\/web\/wp-content\/uploads\/2022\/03\/web_Ebso_E-200.jpg 570w\" sizes=\"(max-width: 278px) 100vw, 278px\" \/>Automatische Biege und Schneidemaschine f\u00fcr radiale Bauelemente.<\/strong><br \/><em><strong>Lose, gegurtet oder aus Stange<\/strong><\/em><\/p>\n<p><strong>Das Ger\u00e4t<\/strong><\/p>\n<p>Dieses High-End Produkt l\u00f6st alle Aufgaben, die im Zusammenhang mit der Bauteilvorbereitung f\u00fcr radiale Bauteile stehen. Durch die modulare Aufbauweise haben Sie jederzeit die M\u00f6glichkeit das Ger\u00e4t auf eine andere Anwendung umzubauen. Die bedienerfreundliche Handhabung wie z. B. ein schraubenloser Werkzeugwechsel, stufenlose Drahtst\u00e4rkenverstellung und eine \u00fcbersichtliche Elektronikbedienung sichern Ihnen k\u00fcrzeste R\u00fcstzeiten.<br \/><strong>Proze\u00dfsicherheit:<\/strong><\/p>\n<p>Zugentlastung der Anschl\u00fcsse beim Bearbeiten. Schnitt- und Biegeabmessungen erreichen einen mindest Cmk-Wert von 1,67 Sicherheitsschaltkreis in der Elektronik (Prozessorsteuerung). Automatische Erkennung der Polarit\u00e4t bei LED\u00b4s. Falscheinsetzen der Werkzeuge nicht m\u00f6glich<\/p>\n<p><img decoding=\"async\" loading=\"lazy\" class=\"alignnone wp-image-1146 size-medium\" src=\"http:\/\/www.ebso.com\/web\/wp-content\/uploads\/2022\/03\/web_Ebso_E-200_Werkzeug-300x108.jpg\" alt=\"\" width=\"300\" height=\"108\" srcset=\"http:\/\/www.ebso.com\/web\/wp-content\/uploads\/2022\/03\/web_Ebso_E-200_Werkzeug-300x108.jpg 300w, http:\/\/www.ebso.com\/web\/wp-content\/uploads\/2022\/03\/web_Ebso_E-200_Werkzeug-1024x367.jpg 1024w, http:\/\/www.ebso.com\/web\/wp-content\/uploads\/2022\/03\/web_Ebso_E-200_Werkzeug-768x275.jpg 768w, http:\/\/www.ebso.com\/web\/wp-content\/uploads\/2022\/03\/web_Ebso_E-200_Werkzeug-900x323.jpg 900w, http:\/\/www.ebso.com\/web\/wp-content\/uploads\/2022\/03\/web_Ebso_E-200_Werkzeug-924x331.jpg 924w, http:\/\/www.ebso.com\/web\/wp-content\/uploads\/2022\/03\/web_Ebso_E-200_Werkzeug.jpg 1141w\" sizes=\"(max-width: 300px) 100vw, 300px\" \/><br \/><strong>Bauteilformen:<\/strong><\/p>\n<p>\u00dcber 250 speziell nach Kundenwunsch gefertigte Biegeformen konnten realisiert werden. Somit werden wir sicher auch f\u00fcr Ihr Problem eine L\u00f6sung finden.<\/p>\n<p><strong>M\u00f6glichkeiten<\/strong><\/p>\n<p>Beispiel Formen:<\/p>\n<p>1.\u00a0Stand-off\/snap-in\/<\/p>\n<p>2.\u00a0Spreizen und Vermindern<\/p>\n<p>3.\u00a090\u00b0 Biegung<\/p>\n<p>4.\u00a0Innen und Au\u00dfensickung<\/p>\n<p>5.\u00a0Standard TO Typ Formen<\/p>\n<p>Lose Bauteile mit Zuf\u00fchrung aus Schwingf\u00f6rderer<\/p>\n<p><a href=\"http:\/\/ebso.com\/web\/wp-content\/uploads\/2013\/06\/teile1.jpg\" data-rel=\"lightbox-gallery-03os0Jzc\" data-rl_title=\"\" data-rl_caption=\"\" title=\"\"><img decoding=\"async\" loading=\"lazy\" class=\"size-medium wp-image-424 alignnone\" src=\"http:\/\/ebso.com\/web\/wp-content\/uploads\/2013\/06\/teile1-300x176.jpg\" alt=\"teile\" width=\"300\" height=\"176\" srcset=\"http:\/\/www.ebso.com\/web\/wp-content\/uploads\/2013\/06\/teile1-300x176.jpg 300w, http:\/\/www.ebso.com\/web\/wp-content\/uploads\/2013\/06\/teile1.jpg 400w\" sizes=\"(max-width: 300px) 100vw, 300px\" \/><\/a><\/p>\n<p><strong>Technische Daten<\/strong><\/p>\n<p>Spannung:\u00a0220V\/50Hz<\/p>\n<p>Abmessungen:\u00a0650x330x450 mm<\/p>\n<p>Gewicht&#8216;:\u00a060 kg<\/p>\n<p>Leistung:\u00a0Stufenlos bis 6 000 BE\/h<\/p>\n<p>Druckluft:\u00a06 bar<\/p>\n<p>\u00a0<\/p>\n<p><strong>Schwingf\u00f6rderer<\/strong><\/p>\n<p>Abmessungen:\u00a0400 mm Durchmesser<\/p>\n<p>Gewicht:\u00a050 kg<\/p>\n<p>F\u00f6rderleistung:\u00a0bis zu 6000 BE\/h je nach Bauteilegeometrie<\/p>\n<hr \/>\n<div class=\"video-embed eat-left eat-right\"><iframe loading=\"lazy\" src=\"http:\/\/www.youtube.com\/embed\/2V2bbaDtHvU?wmode=opaque\" width=\"560\" height=\"315\" frameborder=\"0\" allowfullscreen=\"allowfullscreen\"><\/iframe><\/div>\n<\/div><\/div>\n","protected":false},"excerpt":{"rendered":"<p>Automatische Biege und Schneidemaschine f\u00fcr radiale Bauelemente.Lose, gegurtet oder aus Stange Das Ger\u00e4t Dieses High-End <a href=\"http:\/\/www.ebso.com\/web\/leistungen\/bauteilevorbereitung\/leistungstransistoren\/e-200\/\">Read more<\/a><\/p>\n","protected":false},"author":2,"featured_media":0,"parent":403,"menu_order":0,"comment_status":"closed","ping_status":"open","template":"","meta":{"footnotes":""},"aioseo_notices":[],"_links":{"self":[{"href":"http:\/\/www.ebso.com\/web\/wp-json\/wp\/v2\/pages\/421"}],"collection":[{"href":"http:\/\/www.ebso.com\/web\/wp-json\/wp\/v2\/pages"}],"about":[{"href":"http:\/\/www.ebso.com\/web\/wp-json\/wp\/v2\/types\/page"}],"author":[{"embeddable":true,"href":"http:\/\/www.ebso.com\/web\/wp-json\/wp\/v2\/users\/2"}],"replies":[{"embeddable":true,"href":"http:\/\/www.ebso.com\/web\/wp-json\/wp\/v2\/comments?post=421"}],"version-history":[{"count":9,"href":"http:\/\/www.ebso.com\/web\/wp-json\/wp\/v2\/pages\/421\/revisions"}],"predecessor-version":[{"id":1206,"href":"http:\/\/www.ebso.com\/web\/wp-json\/wp\/v2\/pages\/421\/revisions\/1206"}],"up":[{"embeddable":true,"href":"http:\/\/www.ebso.com\/web\/wp-json\/wp\/v2\/pages\/403"}],"wp:attachment":[{"href":"http:\/\/www.ebso.com\/web\/wp-json\/wp\/v2\/media?parent=421"}],"curies":[{"name":"wp","href":"https:\/\/api.w.org\/{rel}","templated":true}]}}