{"id":397,"date":"2013-06-19T14:36:48","date_gmt":"2013-06-19T12:36:48","guid":{"rendered":"http:\/\/ebso.com\/web\/?page_id=397"},"modified":"2022-03-08T17:23:30","modified_gmt":"2022-03-08T16:23:30","slug":"e-300","status":"publish","type":"page","link":"http:\/\/www.ebso.com\/web\/leistungen\/bauteilevorbereitung\/radiale-bauteile\/e-300\/","title":{"rendered":"E 300"},"content":{"rendered":"<p> <img decoding=\"async\" loading=\"lazy\" class=\"alignright wp-image-1147 size-medium\" src=\"http:\/\/www.ebso.com\/web\/wp-content\/uploads\/2022\/03\/web_Ebso-E300M-Motor_Abrollarm-300x293.jpg\" alt=\"\" width=\"300\" height=\"293\" srcset=\"http:\/\/www.ebso.com\/web\/wp-content\/uploads\/2022\/03\/web_Ebso-E300M-Motor_Abrollarm-300x293.jpg 300w, http:\/\/www.ebso.com\/web\/wp-content\/uploads\/2022\/03\/web_Ebso-E300M-Motor_Abrollarm.jpg 570w\" sizes=\"(max-width: 300px) 100vw, 300px\" \/><\/p>\n<p><strong>Biege- und Schneideger\u00e4t f\u00fcr radial gegurtete Bauelemente<\/strong><\/p>\n<table border=\"0\" cellspacing=\"0\" cellpadding=\"0\">\n<tbody>\n<tr>\n<td valign=\"top\" width=\"336\"><strong>Manuelle Ausf\u00fchrung<\/strong><\/td>\n<\/tr>\n<tr>\n<td valign=\"top\" width=\"336\">Der EBSOMAT 300 ist speziell f\u00fcr die wirtschaftliche Verarbeitung gegurteter Bauelemente entwickelt worden. Trotz manueller Bedienung kann eine Produktionsgeschwindigkeit von ca. 10.000 Bauteilen pro Stunde erreicht werden.<\/td>\n<\/tr>\n<tr>\n<td valign=\"top\" width=\"336\">&#8211;\u00a0\u00a0\u00a0 Einfaches Einlegen des Gurtes<\/td>\n<\/tr>\n<tr>\n<td valign=\"top\" width=\"336\">&#8211;\u00a0\u00a0\u00a0 Sicherer Gurttransport<\/td>\n<\/tr>\n<tr>\n<td valign=\"top\" width=\"336\">&#8211;\u00a0\u00a0\u00a0 Lochrasterverschiebung<\/td>\n<\/tr>\n<tr>\n<td valign=\"top\" width=\"336\">&#8211;\u00a0\u00a0\u00a0 Gurth\u00f6he stufenlos einstellbar<\/td>\n<\/tr>\n<tr>\n<td valign=\"top\" width=\"336\">&#8211;\u00a0\u00a0\u00a0 Einfacher Werkzeugwechsel<\/td>\n<\/tr>\n<tr>\n<td valign=\"top\" width=\"336\">&#8211;\u00a0\u00a0\u00a0 Drahtst\u00e4rkenverstellung<\/td>\n<\/tr>\n<tr>\n<td valign=\"top\" width=\"336\">&#8211;\u00a0\u00a0\u00a0 Wartungsfrei<\/td>\n<\/tr>\n<tr>\n<td valign=\"top\" width=\"336\">&#8211;\u00a0\u00a0\u00a0 Werkzeuge auch nach Kundenwunsch<\/td>\n<\/tr>\n<tr>\n<td valign=\"top\" width=\"336\">&#8211;\u00a0\u00a0\u00a0 Werkzeugformen: a)\u00a0\u00a0 Stand-Off\/Snap-ln\/ln-Line b)\u00a0\u00a0 RM erweitern oder verj\u00fcngen c)\u00a0\u00a0 90\u00b0 umbiegen d)\u00a0\u00a0 seitlich sicken, Verpolschutz sicken u. v. m.<\/td>\n<\/tr>\n<\/tbody>\n<\/table>\n<p><strong>Bauteileformen:<\/strong> <a href=\"http:\/\/ebso.com\/web\/wp-content\/uploads\/2013\/06\/zeichnung1.jpg\" data-rel=\"lightbox-gallery-ZIMlkkVq\" data-rl_title=\"\" data-rl_caption=\"\" title=\"\"><img decoding=\"async\" loading=\"lazy\" class=\"alignnone size-medium wp-image-400\" src=\"http:\/\/ebso.com\/web\/wp-content\/uploads\/2013\/06\/zeichnung1-300x48.jpg\" alt=\"zeichnung\" width=\"300\" height=\"48\" srcset=\"http:\/\/www.ebso.com\/web\/wp-content\/uploads\/2013\/06\/zeichnung1-300x48.jpg 300w, http:\/\/www.ebso.com\/web\/wp-content\/uploads\/2013\/06\/zeichnung1.jpg 400w\" sizes=\"(max-width: 300px) 100vw, 300px\" \/><\/a><\/p>\n<table border=\"0\" cellspacing=\"0\" cellpadding=\"0\">\n<tbody>\n<tr>\n<td valign=\"top\" width=\"336\"><strong>Motor &#8211; Ausf\u00fchrung<\/strong><\/td>\n<\/tr>\n<tr>\n<td valign=\"top\" width=\"336\">Um noch rationeller Bauteile verarbeiten zu k\u00f6nnen, wird der EBSOMAT 300 mit einem Motorsatz ausger\u00fcstet. Somit erreichen Sie ohne gro\u00dfen Aufwand die Wirtschaftlichkeit eines Automaten.<\/td>\n<\/tr>\n<tr>\n<td valign=\"top\" width=\"336\">&#8211;\u00a0\u00a0\u00a0 Geschwindigkeit: ca. 16.000 Bauteile pro \u00a0\u00a0\u00a0\u00a0 Stunde<\/td>\n<\/tr>\n<tr>\n<td valign=\"top\" width=\"336\">&#8211;\u00a0\u00a0\u00a0 Vorwahlz\u00e4hler<\/td>\n<\/tr>\n<tr>\n<td valign=\"top\" width=\"336\">&#8211;\u00a0\u00a0\u00a0 Sicherheitsschaltkreis<\/td>\n<\/tr>\n<\/tbody>\n<\/table>\n<table border=\"0\" cellspacing=\"0\" cellpadding=\"0\">\n<tbody>\n<tr>\n<td valign=\"top\" width=\"336\"><strong>Technische Daten:<\/strong><\/td>\n<\/tr>\n<tr>\n<td valign=\"top\" width=\"336\">Ma\u00dfe:\u00a0 250 H x 300 B x 460 T ohne Gurtarm Spannung:\u00a0\u00a0\u00a0\u00a0\u00a0 220, 240, 110 V; 50\/60 Hz Leistung:\u00a0\u00a0\u00a0\u00a0\u00a0\u00a0\u00a0\u00a0 30 W<\/td>\n<\/tr>\n<\/tbody>\n<\/table>\n<hr \/>\n<a class=\"button single-color text-bright add-tooltip size-medium\" href=\"http:\/\/ebso.com\/web\/wp-content\/uploads\/2013\/06\/E-300-Prospekt.pdf\" target=\"_blank\" title=\"Download PDF\" id=\"sc_button_1\">E-300-Prospekt<\/a><style>#sc_button_1{color:#ffffff !important}<\/style>\n","protected":false},"excerpt":{"rendered":"<p>Biege- und Schneideger\u00e4t f\u00fcr radial gegurtete Bauelemente Manuelle Ausf\u00fchrung Der EBSOMAT 300 ist speziell f\u00fcr <a href=\"http:\/\/www.ebso.com\/web\/leistungen\/bauteilevorbereitung\/radiale-bauteile\/e-300\/\">Read more<\/a><\/p>\n","protected":false},"author":2,"featured_media":0,"parent":316,"menu_order":0,"comment_status":"closed","ping_status":"open","template":"","meta":{"footnotes":""},"aioseo_notices":[],"_links":{"self":[{"href":"http:\/\/www.ebso.com\/web\/wp-json\/wp\/v2\/pages\/397"}],"collection":[{"href":"http:\/\/www.ebso.com\/web\/wp-json\/wp\/v2\/pages"}],"about":[{"href":"http:\/\/www.ebso.com\/web\/wp-json\/wp\/v2\/types\/page"}],"author":[{"embeddable":true,"href":"http:\/\/www.ebso.com\/web\/wp-json\/wp\/v2\/users\/2"}],"replies":[{"embeddable":true,"href":"http:\/\/www.ebso.com\/web\/wp-json\/wp\/v2\/comments?post=397"}],"version-history":[{"count":4,"href":"http:\/\/www.ebso.com\/web\/wp-json\/wp\/v2\/pages\/397\/revisions"}],"predecessor-version":[{"id":1179,"href":"http:\/\/www.ebso.com\/web\/wp-json\/wp\/v2\/pages\/397\/revisions\/1179"}],"up":[{"embeddable":true,"href":"http:\/\/www.ebso.com\/web\/wp-json\/wp\/v2\/pages\/316"}],"wp:attachment":[{"href":"http:\/\/www.ebso.com\/web\/wp-json\/wp\/v2\/media?parent=397"}],"curies":[{"name":"wp","href":"https:\/\/api.w.org\/{rel}","templated":true}]}}