{"id":382,"date":"2013-06-19T14:22:39","date_gmt":"2013-06-19T12:22:39","guid":{"rendered":"http:\/\/ebso.com\/web\/?page_id=382"},"modified":"2022-03-18T14:54:01","modified_gmt":"2022-03-18T13:54:01","slug":"e-200","status":"publish","type":"page","link":"http:\/\/www.ebso.com\/web\/leistungen\/bauteilevorbereitung\/radiale-bauteile\/e-200\/","title":{"rendered":"E 200"},"content":{"rendered":"<p><strong><img decoding=\"async\" loading=\"lazy\" class=\"wp-image-1145 size-medium alignright\" src=\"http:\/\/www.ebso.com\/web\/wp-content\/uploads\/2022\/03\/web_Ebso_E-200-278x300.jpg\" alt=\"\" width=\"278\" height=\"300\" srcset=\"http:\/\/www.ebso.com\/web\/wp-content\/uploads\/2022\/03\/web_Ebso_E-200-278x300.jpg 278w, http:\/\/www.ebso.com\/web\/wp-content\/uploads\/2022\/03\/web_Ebso_E-200.jpg 570w\" sizes=\"(max-width: 278px) 100vw, 278px\" \/>Automatische Biege und Schneidemaschine f\u00fcr radiale Bauelemente.<\/strong><br \/>\n<em><strong>Lose, gegurtet oder aus Stange<\/strong><\/em><\/p>\n<table border=\"0\" cellspacing=\"0\" cellpadding=\"0\">\n<tbody>\n<tr>\n<td valign=\"top\" width=\"672\"><strong>Das Ger\u00e4t<\/strong><\/td>\n<\/tr>\n<tr>\n<td valign=\"top\" width=\"672\">Dieses High-End Produkt l\u00f6st alle Aufgaben, die im Zusammenhang mit der Bauteilvorbereitung f\u00fcr radiale Bauteile stehen. Durch die modulare Aufbauweise haben Sie jederzeit die M\u00f6glichkeit das Ger\u00e4t auf eine andere Anwendung umzubauen. Die bedienerfreundliche Handhabung wie z. B. ein schraubenloser Werkzeugwechsel, stufenlose Drahtst\u00e4rkenverstellung und eine \u00fcbersichtliche Elektronikbedienung sichern Ihnen k\u00fcrzeste R\u00fcstzeiten.<\/td>\n<\/tr>\n<tr>\n<td valign=\"top\"><\/td>\n<\/tr>\n<tr>\n<td valign=\"top\" width=\"672\"><strong>Proze\u00dfsicherheit:<\/strong><\/td>\n<\/tr>\n<tr>\n<td valign=\"top\" width=\"672\">Zugentlastung der Anschl\u00fcsse beim Bearbeiten. Schnitt- und Biegeabmessungen erreichen einen mindest Cmk-Wert von 1,67 Sicherheitsschaltkreis in der Elektronik (Prozessorsteuerung). Automatische Erkennung der Polarit\u00e4t bei LED\u00b4s. Falscheinsetzen der Werkzeuge nicht m\u00f6glich<\/td>\n<\/tr>\n<tr>\n<td valign=\"top\"><\/td>\n<\/tr>\n<tr>\n<td valign=\"top\" width=\"672\"><strong>Bauteilformen:<\/strong><\/td>\n<\/tr>\n<tr>\n<td valign=\"top\" width=\"672\">\u00dcber 250 speziell nach Kundenwunsch gefertigte Biegeformen konnten realisiert werden. Somit werden wir sicher auch f\u00fcr Ihr Problem eine L\u00f6sung finden.<\/td>\n<\/tr>\n<\/tbody>\n<\/table>\n<p><strong><a href=\"http:\/\/ebso.com\/web\/wp-content\/uploads\/2013\/06\/teile.jpg\" data-rel=\"lightbox-gallery-CRH0NhY0\" data-rl_title=\"\" data-rl_caption=\"\" title=\"\"><img decoding=\"async\" loading=\"lazy\" class=\"alignright size-medium wp-image-383\" src=\"http:\/\/ebso.com\/web\/wp-content\/uploads\/2013\/06\/teile-300x176.jpg\" alt=\"teile\" width=\"300\" height=\"176\" srcset=\"http:\/\/www.ebso.com\/web\/wp-content\/uploads\/2013\/06\/teile-300x176.jpg 300w, http:\/\/www.ebso.com\/web\/wp-content\/uploads\/2013\/06\/teile.jpg 400w\" sizes=\"(max-width: 300px) 100vw, 300px\" \/><\/a>M\u00f6glichkeiten<\/strong><\/p>\n<table border=\"0\" width=\"196\" cellspacing=\"0\" cellpadding=\"0\">\n<tbody>\n<tr>\n<td colspan=\"2\" valign=\"top\"><strong>Beispiel Formen:<\/strong><\/td>\n<\/tr>\n<tr>\n<td valign=\"top\" width=\"12\">1.<\/td>\n<td valign=\"top\" width=\"396\">Stand-off\/snap-in\/<\/td>\n<\/tr>\n<tr>\n<td valign=\"top\" width=\"12\">2<\/td>\n<td valign=\"top\" width=\"396\">Spreizen und Vermindern<\/td>\n<\/tr>\n<tr>\n<td valign=\"top\" width=\"12\">3.<\/td>\n<td valign=\"top\" width=\"396\">90\u00b0 Biegung<\/td>\n<\/tr>\n<tr>\n<td valign=\"top\" width=\"12\">4.<\/td>\n<td valign=\"top\" width=\"396\">Innen und Au\u00dfensickung<\/td>\n<\/tr>\n<tr>\n<td valign=\"top\" width=\"12\">5.<\/td>\n<td valign=\"top\" width=\"396\">Standard TO Typ Formen<\/td>\n<\/tr>\n<\/tbody>\n<\/table>\n<p>Lose Bauteile mit Zuf\u00fchrung aus Schwingf\u00f6rderer<\/p>\n<p><a href=\"http:\/\/ebso.com\/web\/wp-content\/uploads\/2013\/06\/sw.jpg\" data-rel=\"lightbox-gallery-CRH0NhY0\" data-rl_title=\"\" data-rl_caption=\"\" title=\"\"><img decoding=\"async\" loading=\"lazy\" class=\"alignright size-full wp-image-386\" src=\"http:\/\/ebso.com\/web\/wp-content\/uploads\/2013\/06\/sw.jpg\" alt=\"sw\" width=\"216\" height=\"141\" \/><\/a> <a href=\"http:\/\/ebso.com\/web\/wp-content\/uploads\/2013\/06\/e200_2.jpg\" data-rel=\"lightbox-gallery-CRH0NhY0\" data-rl_title=\"\" data-rl_caption=\"\" title=\"\"><img decoding=\"async\" loading=\"lazy\" class=\"alignnone size-thumbnail wp-image-385\" src=\"http:\/\/ebso.com\/web\/wp-content\/uploads\/2013\/06\/e200_2-150x150.jpg\" alt=\"e200_2\" width=\"150\" height=\"150\" srcset=\"http:\/\/www.ebso.com\/web\/wp-content\/uploads\/2013\/06\/e200_2-150x150.jpg 150w, http:\/\/www.ebso.com\/web\/wp-content\/uploads\/2013\/06\/e200_2-144x144.jpg 144w\" sizes=\"(max-width: 150px) 100vw, 150px\" \/><\/a><\/p>\n<hr \/>\n<table border=\"0\" cellspacing=\"0\" cellpadding=\"0\">\n<tbody>\n<tr>\n<td colspan=\"2\" valign=\"top\" width=\"336\"><strong>Technische Daten<\/strong><\/td>\n<\/tr>\n<tr>\n<td valign=\"top\" width=\"132\">Spannung:<\/td>\n<td valign=\"top\" width=\"204\">220V\/50Hz<\/td>\n<\/tr>\n<tr>\n<td valign=\"top\" width=\"132\">Abmessungen:<\/td>\n<td valign=\"top\" width=\"204\">650x330x450 mm<\/td>\n<\/tr>\n<tr>\n<td valign=\"top\" width=\"132\">Gewicht<\/td>\n<td valign=\"top\" width=\"204\">60 kg<\/td>\n<\/tr>\n<tr>\n<td valign=\"top\" width=\"132\">Leistung<\/td>\n<td valign=\"top\" width=\"204\">Stufenlos bis 6 000 BE\/h<\/td>\n<\/tr>\n<tr>\n<td valign=\"top\" width=\"132\">Druckluft<\/td>\n<td valign=\"top\" width=\"204\">6 bar<\/td>\n<\/tr>\n<tr>\n<td valign=\"top\" width=\"132\"><\/td>\n<td valign=\"top\" width=\"204\"><\/td>\n<\/tr>\n<tr>\n<td colspan=\"2\" valign=\"top\" width=\"336\">Schwingf\u00f6rderer<\/td>\n<\/tr>\n<tr>\n<td valign=\"top\" width=\"132\">Abmessungen:<\/td>\n<td valign=\"top\" width=\"204\">400 mm Durchmesser<\/td>\n<\/tr>\n<tr>\n<td valign=\"top\" width=\"132\">Gewicht:<\/td>\n<td valign=\"top\" width=\"204\">50 kg<\/td>\n<\/tr>\n<tr>\n<td valign=\"top\" width=\"132\">F\u00f6rderleistung:<\/td>\n<td valign=\"top\" width=\"204\">bis zu 6000 BE\/h je nach Bauteilegeometrie<\/td>\n<\/tr>\n<\/tbody>\n<\/table>\n<hr \/>\n<div class=\"video-embed eat-left eat-right\"><iframe loading=\"lazy\" src=\"http:\/\/www.youtube.com\/embed\/2V2bbaDtHvU?rel=0&wmode=opaque\" width=\"420\" height=\"315\" frameborder=\"0\" allowfullscreen=\"allowfullscreen\"><\/iframe><\/div>\n","protected":false},"excerpt":{"rendered":"<p>Automatische Biege und Schneidemaschine f\u00fcr radiale Bauelemente. Lose, gegurtet oder aus Stange Das Ger\u00e4t Dieses <a href=\"http:\/\/www.ebso.com\/web\/leistungen\/bauteilevorbereitung\/radiale-bauteile\/e-200\/\">Read more<\/a><\/p>\n","protected":false},"author":2,"featured_media":0,"parent":316,"menu_order":0,"comment_status":"closed","ping_status":"open","template":"","meta":{"footnotes":""},"aioseo_notices":[],"_links":{"self":[{"href":"http:\/\/www.ebso.com\/web\/wp-json\/wp\/v2\/pages\/382"}],"collection":[{"href":"http:\/\/www.ebso.com\/web\/wp-json\/wp\/v2\/pages"}],"about":[{"href":"http:\/\/www.ebso.com\/web\/wp-json\/wp\/v2\/types\/page"}],"author":[{"embeddable":true,"href":"http:\/\/www.ebso.com\/web\/wp-json\/wp\/v2\/users\/2"}],"replies":[{"embeddable":true,"href":"http:\/\/www.ebso.com\/web\/wp-json\/wp\/v2\/comments?post=382"}],"version-history":[{"count":6,"href":"http:\/\/www.ebso.com\/web\/wp-json\/wp\/v2\/pages\/382\/revisions"}],"predecessor-version":[{"id":1205,"href":"http:\/\/www.ebso.com\/web\/wp-json\/wp\/v2\/pages\/382\/revisions\/1205"}],"up":[{"embeddable":true,"href":"http:\/\/www.ebso.com\/web\/wp-json\/wp\/v2\/pages\/316"}],"wp:attachment":[{"href":"http:\/\/www.ebso.com\/web\/wp-json\/wp\/v2\/media?parent=382"}],"curies":[{"name":"wp","href":"https:\/\/api.w.org\/{rel}","templated":true}]}}