{"id":373,"date":"2013-06-19T14:10:55","date_gmt":"2013-06-19T12:10:55","guid":{"rendered":"http:\/\/ebso.com\/web\/?page_id=373"},"modified":"2022-03-18T15:03:58","modified_gmt":"2022-03-18T14:03:58","slug":"e-120","status":"publish","type":"page","link":"http:\/\/www.ebso.com\/web\/leistungen\/bauteilevorbereitung\/radiale-bauteile\/e-120\/","title":{"rendered":"E 120"},"content":{"rendered":"<p><strong> Automatisches Schneide- und Biegeger\u00e4t f\u00fcr radiale Bauelemente der Bauform TO 126 \/ TO 220 \/ SOT. Zuf\u00fchrung aus\/in Sticks und lose oder \u00fcber Schwingf\u00f6rderer<\/strong><\/p>\n<p><img decoding=\"async\" loading=\"lazy\" class=\"size-medium wp-image-1143 aligncenter\" src=\"http:\/\/www.ebso.com\/web\/wp-content\/uploads\/2022\/03\/web_Ebso-E120-mit-Rinne_Adapter-285x300.jpg\" alt=\"\" width=\"285\" height=\"300\" srcset=\"http:\/\/www.ebso.com\/web\/wp-content\/uploads\/2022\/03\/web_Ebso-E120-mit-Rinne_Adapter-285x300.jpg 285w, http:\/\/www.ebso.com\/web\/wp-content\/uploads\/2022\/03\/web_Ebso-E120-mit-Rinne_Adapter.jpg 570w\" sizes=\"(max-width: 285px) 100vw, 285px\" \/><\/p>\n<p>Die automatisch arbeitende Schneide- und Biegemaschine ist f\u00fcr Leistungstransistoren der Bauform TO 126\/TO 220\/SOT ausgelegt.<\/p>\n<table border=\"0\" width=\"100%\" cellspacing=\"0\" cellpadding=\"0\">\n<tbody>\n<tr>\n<td colspan=\"3\" valign=\"top\">Besondere Merkmale:<\/td>\n<\/tr>\n<tr>\n<td valign=\"top\" width=\"2%\">&#8211;<\/td>\n<td width=\"2%\"><\/td>\n<td width=\"96%\">von 2-11 Pins pro Bauteil (15 Pins Option)<\/td>\n<\/tr>\n<tr>\n<td valign=\"top\">&#8211;<\/td>\n<td><\/td>\n<td>m\u00fcheloser Werkzeugwechsel<\/td>\n<\/tr>\n<tr>\n<td valign=\"top\">&#8211;<\/td>\n<td><\/td>\n<td>hoher Bedienungskomfort<\/td>\n<\/tr>\n<tr>\n<td valign=\"top\">&#8211;<\/td>\n<td><\/td>\n<td>Zuf\u00fchrrinne leicht zu wechseln und \u00fcber Mikrometerschraube zu justieren<\/td>\n<\/tr>\n<tr>\n<td valign=\"top\">&#8211;<\/td>\n<td><\/td>\n<td>Druckluft unabh\u00e4ngig<\/td>\n<\/tr>\n<tr>\n<td valign=\"top\">&#8211;<\/td>\n<td><\/td>\n<td>geeignet f\u00fcr mittlere bis hohe St\u00fcckzahlen<\/td>\n<\/tr>\n<tr>\n<td valign=\"top\">&#8211;<\/td>\n<td><\/td>\n<td>Verarbeitungsgeschwindigkeit bis 3600 BE\/Std.<\/td>\n<\/tr>\n<tr>\n<td valign=\"top\">&#8211;<\/td>\n<td><\/td>\n<td>wartungsfrei<\/td>\n<\/tr>\n<tr>\n<td valign=\"top\">&#8211;<\/td>\n<td><\/td>\n<td>schonende Bearbeitung der Bauteile durch Zugentlastung<\/td>\n<\/tr>\n<\/tbody>\n<\/table>\n<p><strong>Werkzeugformen f\u00fcr EBSOMAT 120<\/strong><\/p>\n<p><a href=\"http:\/\/ebso.com\/web\/wp-content\/uploads\/2013\/06\/bauteile1.jpg\" data-rel=\"lightbox-gallery-EnP5L0UJ\" data-rl_title=\"\" data-rl_caption=\"\" title=\"\"><img decoding=\"async\" loading=\"lazy\" class=\"alignnone size-full wp-image-374\" src=\"http:\/\/ebso.com\/web\/wp-content\/uploads\/2013\/06\/bauteile1.jpg\" alt=\"bauteile\" width=\"400\" height=\"262\" srcset=\"http:\/\/www.ebso.com\/web\/wp-content\/uploads\/2013\/06\/bauteile1.jpg 400w, http:\/\/www.ebso.com\/web\/wp-content\/uploads\/2013\/06\/bauteile1-300x196.jpg 300w\" sizes=\"(max-width: 400px) 100vw, 400px\" \/><\/a><\/p>\n<p>Das Ma\u00df \u201cX\u201c ist stufenlos einstellbar.<br \/>\nDas Ma\u00df \u201cY\u201c ist nicht variabel (L\u00e4nge bei Bestellung angeben), sowie Ma\u00df f\u00fcr Rasterausstellung \u201cRM\u201c.<br \/>\nSonderformen auf Anfrage m\u00f6glich.<\/p>\n<hr \/>\n<a class=\"button single-color text-bright add-tooltip size-medium\" href=\"http:\/\/ebso.com\/web\/wp-content\/uploads\/2013\/06\/ebsomat120-prospekt.pdf\" target=\"_blank\" title=\"Download PDF\" id=\"sc_button_1\">ebsomat120-prospekt<\/a><style>#sc_button_1{color:#ffffff !important}<\/style>\n<div class=\"video-embed eat-left eat-right\"><iframe loading=\"lazy\" src=\"http:\/\/www.youtube.com\/embed\/6i9gRXnrCQ4?rel=0&wmode=opaque\" width=\"420\" height=\"315\" frameborder=\"0\" allowfullscreen=\"allowfullscreen\"><\/iframe><\/div>\n","protected":false},"excerpt":{"rendered":"<p>Automatisches Schneide- und Biegeger\u00e4t f\u00fcr radiale Bauelemente der Bauform TO 126 \/ TO 220 \/ <a href=\"http:\/\/www.ebso.com\/web\/leistungen\/bauteilevorbereitung\/radiale-bauteile\/e-120\/\">Read more<\/a><\/p>\n","protected":false},"author":2,"featured_media":0,"parent":316,"menu_order":0,"comment_status":"closed","ping_status":"open","template":"","meta":{"footnotes":""},"aioseo_notices":[],"_links":{"self":[{"href":"http:\/\/www.ebso.com\/web\/wp-json\/wp\/v2\/pages\/373"}],"collection":[{"href":"http:\/\/www.ebso.com\/web\/wp-json\/wp\/v2\/pages"}],"about":[{"href":"http:\/\/www.ebso.com\/web\/wp-json\/wp\/v2\/types\/page"}],"author":[{"embeddable":true,"href":"http:\/\/www.ebso.com\/web\/wp-json\/wp\/v2\/users\/2"}],"replies":[{"embeddable":true,"href":"http:\/\/www.ebso.com\/web\/wp-json\/wp\/v2\/comments?post=373"}],"version-history":[{"count":10,"href":"http:\/\/www.ebso.com\/web\/wp-json\/wp\/v2\/pages\/373\/revisions"}],"predecessor-version":[{"id":1213,"href":"http:\/\/www.ebso.com\/web\/wp-json\/wp\/v2\/pages\/373\/revisions\/1213"}],"up":[{"embeddable":true,"href":"http:\/\/www.ebso.com\/web\/wp-json\/wp\/v2\/pages\/316"}],"wp:attachment":[{"href":"http:\/\/www.ebso.com\/web\/wp-json\/wp\/v2\/media?parent=373"}],"curies":[{"name":"wp","href":"https:\/\/api.w.org\/{rel}","templated":true}]}}