{"id":358,"date":"2013-06-19T13:49:24","date_gmt":"2013-06-19T11:49:24","guid":{"rendered":"http:\/\/ebso.com\/web\/?page_id=358"},"modified":"2022-03-08T17:38:00","modified_gmt":"2022-03-08T16:38:00","slug":"e-33-1","status":"publish","type":"page","link":"http:\/\/www.ebso.com\/web\/leistungen\/bauteilevorbereitung\/radiale-bauteile\/e-33-1\/","title":{"rendered":"E 33-1"},"content":{"rendered":"<p><strong>Schneideger\u00e4t f\u00fcr radial gegurtete Bauelemente<\/strong><\/p>\n<p><img decoding=\"async\" loading=\"lazy\" class=\"wp-image-1140 size-medium alignleft\" src=\"http:\/\/www.ebso.com\/web\/wp-content\/uploads\/2022\/03\/web_Ebso-E33-1-300x216.jpg\" alt=\"\" width=\"300\" height=\"216\" srcset=\"http:\/\/www.ebso.com\/web\/wp-content\/uploads\/2022\/03\/web_Ebso-E33-1-300x216.jpg 300w, http:\/\/www.ebso.com\/web\/wp-content\/uploads\/2022\/03\/web_Ebso-E33-1.jpg 570w\" sizes=\"(max-width: 300px) 100vw, 300px\" \/><\/p>\n<table border=\"0\" width=\"100%\" cellspacing=\"0\" cellpadding=\"0\">\n<tbody>\n<tr>\n<td valign=\"top\" width=\"2%\">&#8211;<\/td>\n<td width=\"2%\"><\/td>\n<td width=\"96%\">Abschneidl\u00e4nge stufenlos und leicht einstellbar<\/td>\n<\/tr>\n<tr>\n<td valign=\"top\">&#8211;<\/td>\n<td><\/td>\n<td>Antrieb mittels Handkurbel, oder elektrischem Motorantrieb (Option)<\/td>\n<\/tr>\n<tr>\n<td valign=\"top\">&#8211;<\/td>\n<td><\/td>\n<td>Durch Wechseln des Transportrades k\u00f6nnen auch Gurte mit unterschiedlichen Rastern verarbeitet werden (C1 Option)<\/td>\n<\/tr>\n<tr>\n<td valign=\"top\">&#8211;<\/td>\n<td><\/td>\n<td>Schneiden direkt am Gurt m\u00f6glich<\/td>\n<\/tr>\n<tr>\n<td valign=\"top\">&#8211;<\/td>\n<td><\/td>\n<td>Wartungsfrei durch robusten Aufbau<\/td>\n<\/tr>\n<tr>\n<td valign=\"top\">&#8211;<\/td>\n<td><\/td>\n<td>\n<table border=\"0\" width=\"100%\" cellspacing=\"0\" cellpadding=\"0\">\n<tbody>\n<tr>\n<td valign=\"top\" width=\"8%\">Option:<\/td>\n<td width=\"2%\"><\/td>\n<td width=\"90%\">Motorantrieb 220 V\/50 Hz<br \/>\nAbrollarm mit Befestigungsflansch Schraubzwingen (2Stck.)<\/td>\n<\/tr>\n<\/tbody>\n<\/table>\n<\/td>\n<\/tr>\n<\/tbody>\n<\/table>\n<hr \/>\n<p><strong>Ma\u00dfe:<\/strong><\/p>\n<p><a href=\"http:\/\/ebso.com\/web\/wp-content\/uploads\/2013\/06\/zeichnung.jpg\" data-rel=\"lightbox-gallery-HRduPfIi\" data-rl_title=\"\" data-rl_caption=\"\" title=\"\"><img decoding=\"async\" loading=\"lazy\" class=\"alignnone size-full wp-image-363\" src=\"http:\/\/ebso.com\/web\/wp-content\/uploads\/2013\/06\/zeichnung.jpg\" alt=\"zeichnung\" width=\"400\" height=\"140\" srcset=\"http:\/\/www.ebso.com\/web\/wp-content\/uploads\/2013\/06\/zeichnung.jpg 400w, http:\/\/www.ebso.com\/web\/wp-content\/uploads\/2013\/06\/zeichnung-300x105.jpg 300w\" sizes=\"(max-width: 400px) 100vw, 400px\" \/><\/a><\/p>\n<hr \/>\n<table border=\"0\" cellspacing=\"0\" cellpadding=\"0\">\n<tbody>\n<tr>\n<td colspan=\"2\" valign=\"top\"><strong>Technische Daten:<\/strong><\/td>\n<\/tr>\n<tr>\n<td valign=\"top\" width=\"88\">Leistung, mot.:<\/td>\n<td valign=\"top\" width=\"316\">60.000 Bauteile\/Std.<\/td>\n<\/tr>\n<tr>\n<td valign=\"top\" width=\"88\">Leistung, man.:<\/td>\n<td valign=\"top\" width=\"316\">40.000 Bauteile\/Std.<\/td>\n<\/tr>\n<tr>\n<td valign=\"top\" width=\"88\">Abmessung:<\/td>\n<td valign=\"top\" width=\"316\">240 x 165 x 210 mm<\/td>\n<\/tr>\n<tr>\n<td valign=\"top\" width=\"88\">Gewicht:<\/td>\n<td valign=\"top\" width=\"316\">6 kg<\/td>\n<\/tr>\n<tr>\n<td valign=\"top\" width=\"88\">Bauart:<\/td>\n<td valign=\"top\" width=\"316\">Leichtmetallgeh\u00e4use<br \/>\nWekzeugeins\u00e4tze aus geh\u00e4rtetem Werkzeugstahl<\/td>\n<\/tr>\n<\/tbody>\n<\/table>\n<hr \/>\n<a class=\"button single-color text-bright add-tooltip size-medium\" href=\"http:\/\/ebso.com\/web\/wp-content\/uploads\/2013\/06\/ebsomat-33-1-prospekt.pdf\" target=\"_blank\" title=\"Download PDF\" id=\"sc_button_1\">ebsomat-33-1-prospekt<\/a><style>#sc_button_1{color:#ffffff !important}<\/style>\n<a class=\"button single-color text-bright add-tooltip size-medium\" href=\"http:\/\/ebso.com\/web\/wp-content\/uploads\/2013\/06\/33-1_E_D_Bedienungsanleitung.pdf\" target=\"_blank\" title=\"Download PDF\" id=\"sc_button_2\">33-1_E_D_Bedienungsanleitung<\/a><style>#sc_button_2{color:#ffffff !important}<\/style>\n","protected":false},"excerpt":{"rendered":"<p>Schneideger\u00e4t f\u00fcr radial gegurtete Bauelemente &#8211; Abschneidl\u00e4nge stufenlos und leicht einstellbar &#8211; Antrieb mittels Handkurbel, <a href=\"http:\/\/www.ebso.com\/web\/leistungen\/bauteilevorbereitung\/radiale-bauteile\/e-33-1\/\">Read more<\/a><\/p>\n","protected":false},"author":2,"featured_media":0,"parent":316,"menu_order":0,"comment_status":"closed","ping_status":"open","template":"","meta":{"footnotes":""},"aioseo_notices":[],"_links":{"self":[{"href":"http:\/\/www.ebso.com\/web\/wp-json\/wp\/v2\/pages\/358"}],"collection":[{"href":"http:\/\/www.ebso.com\/web\/wp-json\/wp\/v2\/pages"}],"about":[{"href":"http:\/\/www.ebso.com\/web\/wp-json\/wp\/v2\/types\/page"}],"author":[{"embeddable":true,"href":"http:\/\/www.ebso.com\/web\/wp-json\/wp\/v2\/users\/2"}],"replies":[{"embeddable":true,"href":"http:\/\/www.ebso.com\/web\/wp-json\/wp\/v2\/comments?post=358"}],"version-history":[{"count":4,"href":"http:\/\/www.ebso.com\/web\/wp-json\/wp\/v2\/pages\/358\/revisions"}],"predecessor-version":[{"id":1181,"href":"http:\/\/www.ebso.com\/web\/wp-json\/wp\/v2\/pages\/358\/revisions\/1181"}],"up":[{"embeddable":true,"href":"http:\/\/www.ebso.com\/web\/wp-json\/wp\/v2\/pages\/316"}],"wp:attachment":[{"href":"http:\/\/www.ebso.com\/web\/wp-json\/wp\/v2\/media?parent=358"}],"curies":[{"name":"wp","href":"https:\/\/api.w.org\/{rel}","templated":true}]}}