{"id":319,"date":"2013-06-19T12:29:33","date_gmt":"2013-06-19T10:29:33","guid":{"rendered":"http:\/\/ebso.com\/web\/?page_id=319"},"modified":"2013-10-12T15:31:03","modified_gmt":"2013-10-12T13:31:03","slug":"e20-1-20-3","status":"publish","type":"page","link":"http:\/\/www.ebso.com\/web\/leistungen\/bauteilevorbereitung\/radiale-bauteile\/e20-1-20-3\/","title":{"rendered":"E20-1 \/ 20-3"},"content":{"rendered":"<p><strong><a href=\"http:\/\/ebso.com\/web\/wp-content\/uploads\/2013\/06\/e20-1_20-3.jpg\" data-rel=\"lightbox-gallery-4Ryy5vUB\" data-rl_title=\"\" data-rl_caption=\"\" title=\"\"><img decoding=\"async\" loading=\"lazy\" class=\"alignright size-full wp-image-326\" alt=\"e20-1_20-3\" src=\"http:\/\/ebso.com\/web\/wp-content\/uploads\/2013\/06\/e20-1_20-3.jpg\" width=\"300\" height=\"245\" \/><\/a>Universelles Biege- und Schneideger\u00e4t f\u00fcr lose, radiale Bauelemente.\u00a0<\/strong><br \/>\n<em><strong>Biege und Schneideplatte wechselbar<\/strong><\/em><\/p>\n<table border=\"0\" cellspacing=\"0\" cellpadding=\"0\">\n<tbody>\n<tr>\n<td valign=\"top\" width=\"564\"><strong>Schneide- und Biegeger\u00e4t<\/strong>\u00a0<strong>f\u00fcr radiale Bauelemente<\/strong><br \/>\n<strong>EBSOMAT 20-3<\/strong><strong><\/strong><\/td>\n<\/tr>\n<tr>\n<td valign=\"top\"><\/td>\n<\/tr>\n<tr>\n<td valign=\"top\" width=\"564\">Ein preisg\u00fcnstiges, universelles Schneide-\u00a0und Biegeger\u00e4t f\u00fcr lose, radiale Bauelemente. Das Pneumatisch arbeitende Grundger\u00e4t kann nach Bedarf mit einer Schneideplatte nach<br \/>\nKundenwunsch oder mit einer Aufnahmeplatte f\u00fcr Sickenwerkzeuge ausger\u00fcstet werden.Zum Schneiden von Bauteilen sind Platten\u00a0von 2, 3, 4 und 5 mm lieferbar. (Zwischengr\u00f6\u00dfen auf Wunsch)Zum Formen von Transistoren und Kondensatoren ist eine umfangreiche Werkzeugauswahl lieferbar.Im Lieferumfang ist ein Fu\u00dfschalter zum\u00a0Steuern des Luftzylinders eingeschlossen.<\/td>\n<\/tr>\n<tr>\n<td valign=\"top\"><\/td>\n<\/tr>\n<tr>\n<td valign=\"top\"><\/td>\n<\/tr>\n<tr>\n<td valign=\"top\"><\/td>\n<\/tr>\n<tr>\n<td valign=\"top\" width=\"564\">\n<table border=\"0\" cellspacing=\"0\" cellpadding=\"0\">\n<tbody>\n<tr>\n<td colspan=\"3\"><strong>Technische Daten:<\/strong><\/td>\n<\/tr>\n<tr>\n<td width=\"60\">Leistung<\/td>\n<td width=\"32\"><\/td>\n<td width=\"144\">bis zu 2.000 St\u00fcck\/h<\/td>\n<\/tr>\n<tr>\n<td>Gr\u00f6\u00dfe<\/td>\n<td><\/td>\n<td>235 x 120 x 80 mm<\/td>\n<\/tr>\n<tr>\n<td>Gewicht<\/td>\n<td><\/td>\n<td>3 kg<\/td>\n<\/tr>\n<tr>\n<td>Druckluft<\/td>\n<td><\/td>\n<td>6 bar<\/td>\n<\/tr>\n<\/tbody>\n<\/table>\n<\/td>\n<\/tr>\n<\/tbody>\n<\/table>\n<table border=\"0\" cellspacing=\"0\" cellpadding=\"0\">\n<tbody>\n<tr>\n<td valign=\"top\" width=\"564\"><strong>Werkzeugformen:<\/strong><\/td>\n<\/tr>\n<tr>\n<td valign=\"top\" width=\"564\">a) Stand-Off\/Snap-In\/In-Line<\/td>\n<\/tr>\n<tr>\n<td valign=\"top\" width=\"564\">b) RM erweitern oder verj\u00fcngen<\/td>\n<\/tr>\n<tr>\n<td valign=\"top\" width=\"564\">c) 90\u00b0 umbiegen<\/td>\n<\/tr>\n<tr>\n<td valign=\"top\" width=\"564\">d) seitlich sicken, Verpolschutz sicken<\/td>\n<\/tr>\n<tr>\n<td valign=\"top\" width=\"564\">e) TO-Bauteile<\/td>\n<\/tr>\n<tr>\n<td valign=\"top\"><\/td>\n<\/tr>\n<tr>\n<td valign=\"top\" width=\"564\"><strong>Bauteileformen:<\/strong><\/td>\n<\/tr>\n<\/tbody>\n<\/table>\n<p><a href=\"http:\/\/ebso.com\/web\/wp-content\/uploads\/2013\/06\/zeichen.jpg\" data-rel=\"lightbox-gallery-4Ryy5vUB\" data-rl_title=\"\" data-rl_caption=\"\" title=\"\"><img decoding=\"async\" loading=\"lazy\" class=\"alignnone size-medium wp-image-327\" alt=\"zeichen\" src=\"http:\/\/ebso.com\/web\/wp-content\/uploads\/2013\/06\/zeichen-300x32.jpg\" width=\"300\" height=\"32\" srcset=\"http:\/\/www.ebso.com\/web\/wp-content\/uploads\/2013\/06\/zeichen-300x32.jpg 300w, http:\/\/www.ebso.com\/web\/wp-content\/uploads\/2013\/06\/zeichen.jpg 400w\" sizes=\"(max-width: 300px) 100vw, 300px\" \/><\/a><\/p>\n<hr \/>\n<a class=\"button single-color text-bright add-tooltip size-medium\" href=\"http:\/\/ebso.com\/web\/wp-content\/uploads\/2013\/06\/ebsomat20-3-brochure.pdf\" target=\"_blank\" title=\"DOWNLOAD PDF\" id=\"sc_button_1\">Ebsomat 20-3 Brosch\u00fcre<\/a><style>#sc_button_1{color:#ffffff !important}<\/style>\n<a class=\"button single-color text-bright add-tooltip size-medium\" href=\"http:\/\/ebso.com\/web\/wp-content\/uploads\/2013\/06\/20-1-20-3-standard-cutting-plate-layout.pdf\" target=\"_blank\" title=\"DOWNLOAD PDF\" id=\"sc_button_2\">standard-cutting-plate-layout<\/a><style>#sc_button_2{color:#ffffff !important}<\/style>\n<a class=\"button single-color text-bright add-tooltip size-medium\" href=\"http:\/\/ebso.com\/web\/wp-content\/uploads\/2013\/06\/20-3-Tooling-samples.pdf\" target=\"_blank\" title=\"DOWNLOAD PDF\" id=\"sc_button_3\">20-3-Tooling-samples<\/a><style>#sc_button_3{color:#ffffff !important}<\/style>\n<a class=\"button single-color text-bright add-tooltip size-medium\" href=\"http:\/\/ebso.com\/web\/wp-content\/uploads\/2013\/06\/ebsomat-20-1-brochure.pdf\" target=\"_blank\" title=\"DOWNLOAD PDF\" id=\"sc_button_4\">ebsomat-20-1-brochure.pdf<\/a><style>#sc_button_4{color:#ffffff !important}<\/style>\n","protected":false},"excerpt":{"rendered":"<p>Universelles Biege- und Schneideger\u00e4t f\u00fcr lose, radiale Bauelemente.\u00a0 Biege und Schneideplatte wechselbar Schneide- und Biegeger\u00e4t\u00a0f\u00fcr <a href=\"http:\/\/www.ebso.com\/web\/leistungen\/bauteilevorbereitung\/radiale-bauteile\/e20-1-20-3\/\">Read more<\/a><\/p>\n","protected":false},"author":2,"featured_media":0,"parent":316,"menu_order":0,"comment_status":"closed","ping_status":"open","template":"","meta":{"footnotes":""},"aioseo_notices":[],"_links":{"self":[{"href":"http:\/\/www.ebso.com\/web\/wp-json\/wp\/v2\/pages\/319"}],"collection":[{"href":"http:\/\/www.ebso.com\/web\/wp-json\/wp\/v2\/pages"}],"about":[{"href":"http:\/\/www.ebso.com\/web\/wp-json\/wp\/v2\/types\/page"}],"author":[{"embeddable":true,"href":"http:\/\/www.ebso.com\/web\/wp-json\/wp\/v2\/users\/2"}],"replies":[{"embeddable":true,"href":"http:\/\/www.ebso.com\/web\/wp-json\/wp\/v2\/comments?post=319"}],"version-history":[{"count":8,"href":"http:\/\/www.ebso.com\/web\/wp-json\/wp\/v2\/pages\/319\/revisions"}],"predecessor-version":[{"id":661,"href":"http:\/\/www.ebso.com\/web\/wp-json\/wp\/v2\/pages\/319\/revisions\/661"}],"up":[{"embeddable":true,"href":"http:\/\/www.ebso.com\/web\/wp-json\/wp\/v2\/pages\/316"}],"wp:attachment":[{"href":"http:\/\/www.ebso.com\/web\/wp-json\/wp\/v2\/media?parent=319"}],"curies":[{"name":"wp","href":"https:\/\/api.w.org\/{rel}","templated":true}]}}