{"id":31,"date":"2013-06-18T16:24:15","date_gmt":"2013-06-18T14:24:15","guid":{"rendered":"http:\/\/ebso.com\/web\/?page_id=31"},"modified":"2013-06-18T23:18:08","modified_gmt":"2013-06-18T21:18:08","slug":"geschichte","status":"publish","type":"page","link":"http:\/\/www.ebso.com\/web\/unternehmen\/geschichte\/","title":{"rendered":"GESCHICHTE"},"content":{"rendered":"<p><a href=\"http:\/\/ebso.com\/web\/wp-content\/uploads\/2013\/06\/gebaude.jpg\" data-rel=\"lightbox-gallery-SLerogQg\" data-rl_title=\"\" data-rl_caption=\"\" title=\"\"><img decoding=\"async\" loading=\"lazy\" class=\"alignright size-medium wp-image-28\" alt=\"gebaude\" src=\"http:\/\/ebso.com\/web\/wp-content\/uploads\/2013\/06\/gebaude-300x181.jpg\" width=\"300\" height=\"181\" srcset=\"http:\/\/www.ebso.com\/web\/wp-content\/uploads\/2013\/06\/gebaude-300x181.jpg 300w, http:\/\/www.ebso.com\/web\/wp-content\/uploads\/2013\/06\/gebaude.jpg 400w\" sizes=\"(max-width: 300px) 100vw, 300px\" \/><\/a>EBSO GmbH aus Hagenbach bei Karlsruhe wurde 1981 als Hersteller von Bauteilvorbereitungsmaschinen und Sondermaschinen zum Biegen und Schneiden konventioneller Bauteile gegr\u00fcndet.<\/p>\n<p>Der Gr\u00fcnder, Eberhard Sommer, arbeitete bereits vor der Firmengr\u00fcndung in einem gleichen Umfeld und entwickelte Ger\u00e4te dieser Art. Er hatte Ideen solches Equipment einfacher, besser, serienreifer und als wichtigsten Punkt flexibler zu gestalten. Kosteng\u00fcnstige L\u00f6sungen f\u00fcr die Klein- bis Gro\u00dfserienfertigung und kompetente Beratung waren von Beginn an Eckpfeiler unseres Gesch\u00e4fts.<\/p>\n<p>Bis heute versuchen wir f\u00fcr jede noch so komplizierte Biegeform ein Werkzeug zu konstruieren. Noch immer ist die THT-Technik nicht aus der Elektronik verschwunden, und so bleibt die Bauelementevorbereitung ein wichtiger Gesch\u00e4ftszweig bei EBSO.<\/p>\n<hr \/>\n<p><strong>1997<\/strong> sind wir in neue R\u00e4ume umgesiedelt mit momentan fast 2000 m\u00b2 Produktionsfl\u00e4che und Platz f\u00fcr weitere 1000 m\u00b2.<\/p>\n<p>Mit modernen Fr\u00e4s- und Drehmaschinen und hoch qualifizierten Mitarbeiter hat sich EBSO eine f\u00fchrende Stellung am Markt erarbeitet. Gro\u00dfe Demo- und Testr\u00e4ume stehen unseren Kunden f\u00fcr die Vorqualifizierung unserer Produkte zur Verf\u00fcgung. \u00dcber 30 Vertriebspartner weltweit sichern einen besten Service mit optimaler Betreuung vor und nach der Investition.<\/p>\n<p><strong>1999<\/strong> haben wir unseren Horizont erweitert und unternahmen erste Schritte in das neue Produktfeld des selektiven L\u00f6tens mittels Miniwelle. Die SPA 2000+ war die erste Maschine in diesem Bereich die wir vorgestellt haben.<\/p>\n<p><strong>2003<\/strong> stellten wir das neue Design vor und kamen mit den Modellen SPA 250\/400 auf den Markt. Diese Modelle sollten die T\u00fcr f\u00fcr Elektronikfertiger \u00f6ffnen, in die Technik des Miniwellenl\u00f6tens zu investieren, mit einem unschlagbaren Preis-Leistungsverh\u00e4ltnis. Wir haben bereits in 2003 Systeme geliefert, die den Umstieg in RoHS konforme Baugruppen mit bleifreien Loten garantieren. Heute k\u00f6nnen wir auf \u00fcber 150 Installationen weltweit zur\u00fcckblicken.<\/p>\n<p><strong>2005<\/strong> sind 3 weitere Produkte entwickelt worden. Die SPA-R, SPA 200 und die SPA-Modular. Seither und bis jetzt ist damit EBSO der einzige Anbieter weltweit im Bereich des selektiven L\u00f6tens mit Miniwelle, der eine komplette Produktpalette anbieten kann, von manuell bis voll automatisiert und Inline.<\/p>\n<p><strong>2006<\/strong> konnten wir den Umsatz um 40% auf 3,5 Mio. EURO steigern und das Personal auf 25 Mitarbeiter aufstocken. \u00dcber 180 Installationen der SPA250\/400 sind am Markt platziert.<\/p>\n<p><strong>2007<\/strong><\/p>\n<ul>\n<li>Erste Inline Installationen der SPA 500 Modular Plattform bei Schefenacker<\/li>\n<li>Patentanmeldung der neuen \u201eFast Remove\u201c Pumpeneinheit f\u00fcr unsere Tiegel.<\/li>\n<li>SPA 300-F kommt auf den Markt mit gr\u00f6\u00dferer L\u00f6tfl\u00e4che bei gleicher Maschinengr\u00f6\u00dfe<\/li>\n<li>Gesamtinstallationen weltweit steigt auf 230 Anlagen<\/li>\n<\/ul>\n<p><strong>2008<\/strong><\/p>\n<ul>\n<li>Weitere Installationen der SPA 500 Modular Plattform bei Kontron, Hella und Motorolla<\/li>\n<li>Produkterweiterung von Keramik-Nutzentrenner und Montagezellen in Zusammenarbeit mit Piontec-Engineering<\/li>\n<\/ul>\n<p><strong>2009-2010<\/strong><br \/>\nAuch bei uns ging die Finanzkrise nicht spurlos vor\u00fcber. Wir nutzten die Zeit und Chance f\u00fcr Neuentwicklungen der NC Selektiv Plattform.<\/p>\n<p><strong>2011<\/strong><br \/>\nMit mehr als 30 Installationen in 6 Monaten avanciert die neue NC L\u00f6tanlage zur erfolgreichsten die wir je gebaut haben. Dar\u00fcber hinaus konnten wir 2011 als das erfolgreichste Gesch\u00e4ftsjahr der Firmengeschichte verbuchen.<\/p>\n","protected":false},"excerpt":{"rendered":"<p>EBSO GmbH aus Hagenbach bei Karlsruhe wurde 1981 als Hersteller von Bauteilvorbereitungsmaschinen und Sondermaschinen zum <a href=\"http:\/\/www.ebso.com\/web\/unternehmen\/geschichte\/\">Read more<\/a><\/p>\n","protected":false},"author":2,"featured_media":0,"parent":25,"menu_order":0,"comment_status":"closed","ping_status":"open","template":"","meta":{"footnotes":""},"aioseo_notices":[],"_links":{"self":[{"href":"http:\/\/www.ebso.com\/web\/wp-json\/wp\/v2\/pages\/31"}],"collection":[{"href":"http:\/\/www.ebso.com\/web\/wp-json\/wp\/v2\/pages"}],"about":[{"href":"http:\/\/www.ebso.com\/web\/wp-json\/wp\/v2\/types\/page"}],"author":[{"embeddable":true,"href":"http:\/\/www.ebso.com\/web\/wp-json\/wp\/v2\/users\/2"}],"replies":[{"embeddable":true,"href":"http:\/\/www.ebso.com\/web\/wp-json\/wp\/v2\/comments?post=31"}],"version-history":[{"count":12,"href":"http:\/\/www.ebso.com\/web\/wp-json\/wp\/v2\/pages\/31\/revisions"}],"predecessor-version":[{"id":177,"href":"http:\/\/www.ebso.com\/web\/wp-json\/wp\/v2\/pages\/31\/revisions\/177"}],"up":[{"embeddable":true,"href":"http:\/\/www.ebso.com\/web\/wp-json\/wp\/v2\/pages\/25"}],"wp:attachment":[{"href":"http:\/\/www.ebso.com\/web\/wp-json\/wp\/v2\/media?parent=31"}],"curies":[{"name":"wp","href":"https:\/\/api.w.org\/{rel}","templated":true}]}}