{"id":308,"date":"2013-06-19T12:19:05","date_gmt":"2013-06-19T10:19:05","guid":{"rendered":"http:\/\/ebso.com\/web\/?page_id=308"},"modified":"2013-10-12T15:22:24","modified_gmt":"2013-10-12T13:22:24","slug":"c-043","status":"publish","type":"page","link":"http:\/\/www.ebso.com\/web\/leistungen\/bauteilevorbereitung\/axiale-bauteile\/c-043\/","title":{"rendered":"C 043"},"content":{"rendered":"<p><strong><a href=\"http:\/\/ebso.com\/web\/wp-content\/uploads\/2013\/06\/c043eseitlich.jpg\" data-rel=\"lightbox-gallery-8TtmvtjK\" data-rl_title=\"\" data-rl_caption=\"\" title=\"\"><img decoding=\"async\" loading=\"lazy\" class=\"alignright size-full wp-image-313\" alt=\"c043eseitlich\" src=\"http:\/\/ebso.com\/web\/wp-content\/uploads\/2013\/06\/c043eseitlich.jpg\" width=\"200\" height=\"143\" \/><\/a>Schneide-, Pr\u00e4ge- und Biegeautomat Typ C 043<\/strong><br \/>\n<em><strong>Bis Draht &#8211; Durchmesser 1,3 mm<\/strong><\/em><\/p>\n<p>Um die Kurzbest\u00fcckung von axial bedrahteten Bauteilen zu erm\u00f6glichen, m\u00fcssen diese vor dem Einsetzen in die Leiterplatte auf die geeignete L\u00e4nge geschnitten, und auf das erforderliche Raster gebogen und -falls erforderlich- gepr\u00e4gt werden.<\/p>\n<p>Bei dem Automaten C 043 k\u00f6nnen \u00fcber Verstellspindeln sowohl Schneidel\u00e4nge als auch Raster eingestellt, und die Bauteile anschlie\u00dfend bearbeitet werden.<br \/>\nDie Einstellung wird am jeweiligen Ma\u00dfstab der Vorrichtung angezeigt.<\/p>\n<p>Optional kann \u00fcber eine digitale Anzeige die Einstellung \u00fcberwacht werden.<\/p>\n<p>Die Pr\u00e4gung f\u00fcr die Anschlu\u00dfbeinchen sind werkzeugspezifisch, und werden nach Kundenanforderung gefertigt. Die Vorrichtung kann f\u00fcr die verschiedenen Werkzeuge umger\u00fcstet werden.Die gegurteten Bauteile werden der Maschine zugef\u00fchrt und automatisch bearbeitet. Die Transportgeschwindigkeit ist stufenlos einstellbar.<br \/>\nDer Werkzeugwechsel f\u00fcr andere Biegegeometrien dauert ca. 2 Minuten.<\/p>\n<hr \/>\n<p><strong>Bauteilformen<\/strong><\/p>\n<p><a href=\"http:\/\/ebso.com\/web\/wp-content\/uploads\/2013\/06\/c043-zeichen.jpg\" data-rel=\"lightbox-gallery-8TtmvtjK\" data-rl_title=\"\" data-rl_caption=\"\" title=\"\"><img decoding=\"async\" loading=\"lazy\" class=\"alignnone size-medium wp-image-312\" alt=\"c043-zeichen\" src=\"http:\/\/ebso.com\/web\/wp-content\/uploads\/2013\/06\/c043-zeichen-300x160.jpg\" width=\"300\" height=\"160\" srcset=\"http:\/\/www.ebso.com\/web\/wp-content\/uploads\/2013\/06\/c043-zeichen-300x160.jpg 300w, http:\/\/www.ebso.com\/web\/wp-content\/uploads\/2013\/06\/c043-zeichen.jpg 333w\" sizes=\"(max-width: 300px) 100vw, 300px\" \/><\/a><\/p>\n<hr \/>\n<p><strong>Spezifikation<\/strong><\/p>\n<p>&#8211; Ma\u00dfe:\u00a0840(mit Abrollblock)x 480 x 450 mm<\/p>\n<p>&#8211; Gewicht:\u00a0ca. 45 kg<\/p>\n<p>&#8211; Anschlu\u00df:\u00a0230 V \/ 50 Hz \/ 200 W<\/p>\n<p>&#8211; Biegeteil:\u00a0horizontale- und vertikale Biegeform<\/p>\n<p>&#8211; Min. Raster:\u00a0horizontale Biegeform: 7,5 mm |\u00a0vertikale Biegeform: 2,5 mm<\/p>\n<p>&#8211; Max. Raster:\u00a0horizontale Biegeform: 50 mm |\u00a0vertikale Biegeform: 5 (7,5) mm<\/p>\n<p>&#8211; Draht \u00d8:\u00a0horizontal: 0,4 bis 1,3 mm |\u00a0vertikale: bis 0,8 mm<\/p>\n<p>&#8211; Bauteile:\u00a0gegurtet<\/p>\n<p>&#8211; Leistung:\u00a08.000 BE\/h (stufenlos regelbar)<\/p>\n<p>&#8211; <strong>Option:<\/strong><\/p>\n<p>Handzuf\u00fchrung f\u00fcr lose Bauteile<br \/>\nDigitale Anzeige der Raster- und Schneidema\u00dfe<br \/>\nAufnahme f\u00fcr Bauteilerolle oder Amopack<\/p>\n<hr \/>\n<a class=\"button single-color text-bright add-tooltip size-medium\" href=\"http:\/\/ebso.com\/web\/wp-content\/uploads\/2013\/06\/C043-brochure.pdf\" target=\"_blank\" title=\"Download PDF\" id=\"sc_button_1\">Download C043 Brosch\u00fcre<\/a><style>#sc_button_1{color:#ffffff !important}<\/style>\n","protected":false},"excerpt":{"rendered":"<p>Schneide-, Pr\u00e4ge- und Biegeautomat Typ C 043 Bis Draht &#8211; Durchmesser 1,3 mm Um die <a href=\"http:\/\/www.ebso.com\/web\/leistungen\/bauteilevorbereitung\/axiale-bauteile\/c-043\/\">Read more<\/a><\/p>\n","protected":false},"author":2,"featured_media":0,"parent":269,"menu_order":0,"comment_status":"closed","ping_status":"open","template":"","meta":{"footnotes":""},"aioseo_notices":[],"_links":{"self":[{"href":"http:\/\/www.ebso.com\/web\/wp-json\/wp\/v2\/pages\/308"}],"collection":[{"href":"http:\/\/www.ebso.com\/web\/wp-json\/wp\/v2\/pages"}],"about":[{"href":"http:\/\/www.ebso.com\/web\/wp-json\/wp\/v2\/types\/page"}],"author":[{"embeddable":true,"href":"http:\/\/www.ebso.com\/web\/wp-json\/wp\/v2\/users\/2"}],"replies":[{"embeddable":true,"href":"http:\/\/www.ebso.com\/web\/wp-json\/wp\/v2\/comments?post=308"}],"version-history":[{"count":4,"href":"http:\/\/www.ebso.com\/web\/wp-json\/wp\/v2\/pages\/308\/revisions"}],"predecessor-version":[{"id":650,"href":"http:\/\/www.ebso.com\/web\/wp-json\/wp\/v2\/pages\/308\/revisions\/650"}],"up":[{"embeddable":true,"href":"http:\/\/www.ebso.com\/web\/wp-json\/wp\/v2\/pages\/269"}],"wp:attachment":[{"href":"http:\/\/www.ebso.com\/web\/wp-json\/wp\/v2\/media?parent=308"}],"curies":[{"name":"wp","href":"https:\/\/api.w.org\/{rel}","templated":true}]}}