{"id":272,"date":"2013-06-19T11:31:04","date_gmt":"2013-06-19T09:31:04","guid":{"rendered":"http:\/\/ebso.com\/web\/?page_id=272"},"modified":"2013-10-12T15:22:34","modified_gmt":"2013-10-12T13:22:34","slug":"e-40-2","status":"publish","type":"page","link":"http:\/\/www.ebso.com\/web\/leistungen\/bauteilevorbereitung\/axiale-bauteile\/e-40-2\/","title":{"rendered":"E 40-2"},"content":{"rendered":"<p><strong><a href=\"http:\/\/ebso.com\/web\/wp-content\/uploads\/2013\/06\/e40-2.jpg\" data-rel=\"lightbox-gallery-5ckBMy9Y\" data-rl_title=\"\" data-rl_caption=\"\" title=\"\"><img decoding=\"async\" loading=\"lazy\" class=\"alignright size-medium wp-image-283\" alt=\"e40-2\" src=\"http:\/\/ebso.com\/web\/wp-content\/uploads\/2013\/06\/e40-2-298x300.jpg\" width=\"298\" height=\"300\" srcset=\"http:\/\/www.ebso.com\/web\/wp-content\/uploads\/2013\/06\/e40-2-298x300.jpg 298w, http:\/\/www.ebso.com\/web\/wp-content\/uploads\/2013\/06\/e40-2-150x150.jpg 150w, http:\/\/www.ebso.com\/web\/wp-content\/uploads\/2013\/06\/e40-2-144x144.jpg 144w, http:\/\/www.ebso.com\/web\/wp-content\/uploads\/2013\/06\/e40-2.jpg 300w\" sizes=\"(max-width: 298px) 100vw, 298px\" \/><\/a>40-2 \/ 40-3<br \/>\n<\/strong><strong>Biege- und Schneideger\u00e4t f\u00fcr axial gegurtete Bauelemente<\/strong><\/p>\n<p>&#8211; vielseitige Anwendungsm\u00f6glichkeiten f\u00fcr die Bearbeitung von Bauelementen und Drahtbr\u00fccken<br \/>\n&#8211; gleichschenkeliges und ungleichschenkliges Schneiden und Biegen m\u00f6glich<br \/>\n&#8211; leichteste Bedienung, keine Werkzeuge zum Einstellen f\u00fcr Rasterma\u00df und Schenkell\u00e4nge notwendig<br \/>\n&#8211; Rasterma\u00df durch handbetriebenen Spindelantrieb schnell und pr\u00e4zise einstellbar<br \/>\n&#8211; sichere Reproduzierung von gegebenen Werten, durch Skalen f\u00fcr Raster und Schenkell\u00e4nge<br \/>\n&#8211; kleinste Rasterma\u00dfe m\u00f6glich<br \/>\n&#8211; wartungsfrei durch robusten Aufbau<br \/>\n&#8211; Option: Motorantrieb 220 V\/50 Hz<br \/>\n&#8211; Abrollarm mit Befestigungsflansch<br \/>\n&#8211; Schraubzwingen (2 Stck.)<\/p>\n<hr \/>\n<p><strong>Biegeformen<\/strong><\/p>\n<p><a href=\"http:\/\/ebso.com\/web\/wp-content\/uploads\/2013\/06\/bauteile.gif\" data-rel=\"lightbox-gallery-5ckBMy9Y\" data-rl_title=\"\" data-rl_caption=\"\" title=\"\"><img decoding=\"async\" loading=\"lazy\" class=\"alignnone size-medium wp-image-282\" alt=\"bauteile\" src=\"http:\/\/ebso.com\/web\/wp-content\/uploads\/2013\/06\/bauteile-300x44.gif\" width=\"300\" height=\"44\" \/><\/a>\u00a0\u00a0<a href=\"http:\/\/ebso.com\/web\/wp-content\/uploads\/2013\/06\/tabelle.gif\" data-rel=\"lightbox-gallery-5ckBMy9Y\" data-rl_title=\"\" data-rl_caption=\"\" title=\"\"><img decoding=\"async\" loading=\"lazy\" class=\"alignnone size-medium wp-image-281\" alt=\"tabelle\" src=\"http:\/\/ebso.com\/web\/wp-content\/uploads\/2013\/06\/tabelle-300x60.gif\" width=\"300\" height=\"60\" \/><\/a><\/p>\n<hr \/>\n<p><strong>Technische Daten<\/strong><\/p>\n<p>Leistung Motor: 70.000 Bauteile \/ h<br \/>\nLeistung man.: 40.000 Bauteile \/ h<br \/>\nAbmessung: 240 x 165 x 210 mm<br \/>\nGewicht: 9 kg<br \/>\nBauart: Leichtmetallgeh\u00e4use, Werkzeugeins\u00e4tze aus geh\u00e4rtetem Werkzeugstahl<\/p>\n<hr \/>\n<a class=\"button single-color text-bright add-tooltip size-medium\" href=\"http:\/\/ebso.com\/web\/wp-content\/uploads\/2013\/06\/40-3-brochure.pdf\" target=\"_blank\" title=\"Download PDF\" id=\"sc_button_1\">Download Prospekt<\/a><style>#sc_button_1{color:#ffffff !important}<\/style>\n","protected":false},"excerpt":{"rendered":"<p>40-2 \/ 40-3 Biege- und Schneideger\u00e4t f\u00fcr axial gegurtete Bauelemente &#8211; vielseitige Anwendungsm\u00f6glichkeiten f\u00fcr die <a href=\"http:\/\/www.ebso.com\/web\/leistungen\/bauteilevorbereitung\/axiale-bauteile\/e-40-2\/\">Read more<\/a><\/p>\n","protected":false},"author":2,"featured_media":0,"parent":269,"menu_order":0,"comment_status":"closed","ping_status":"open","template":"","meta":{"footnotes":""},"aioseo_notices":[],"_links":{"self":[{"href":"http:\/\/www.ebso.com\/web\/wp-json\/wp\/v2\/pages\/272"}],"collection":[{"href":"http:\/\/www.ebso.com\/web\/wp-json\/wp\/v2\/pages"}],"about":[{"href":"http:\/\/www.ebso.com\/web\/wp-json\/wp\/v2\/types\/page"}],"author":[{"embeddable":true,"href":"http:\/\/www.ebso.com\/web\/wp-json\/wp\/v2\/users\/2"}],"replies":[{"embeddable":true,"href":"http:\/\/www.ebso.com\/web\/wp-json\/wp\/v2\/comments?post=272"}],"version-history":[{"count":5,"href":"http:\/\/www.ebso.com\/web\/wp-json\/wp\/v2\/pages\/272\/revisions"}],"predecessor-version":[{"id":287,"href":"http:\/\/www.ebso.com\/web\/wp-json\/wp\/v2\/pages\/272\/revisions\/287"}],"up":[{"embeddable":true,"href":"http:\/\/www.ebso.com\/web\/wp-json\/wp\/v2\/pages\/269"}],"wp:attachment":[{"href":"http:\/\/www.ebso.com\/web\/wp-json\/wp\/v2\/media?parent=272"}],"curies":[{"name":"wp","href":"https:\/\/api.w.org\/{rel}","templated":true}]}}