{"id":260,"date":"2013-06-19T11:26:26","date_gmt":"2013-06-19T09:26:26","guid":{"rendered":"http:\/\/ebso.com\/web\/?page_id=260"},"modified":"2014-02-21T16:56:43","modified_gmt":"2014-02-21T15:56:43","slug":"bauteilevorbereitung","status":"publish","type":"page","link":"http:\/\/www.ebso.com\/web\/leistungen\/bauteilevorbereitung\/","title":{"rendered":"BAUTEILEVORBEREITUNG"},"content":{"rendered":"<p><a class=\"button single-color text-bright size-large\" href=\"http:\/\/www.ebso.com\/web\/leistungen\/bauteilevorbereitung\/axiale-bauteile\/\" id=\"sc_button_1\">AXIALE BAUTEILE<\/a><style>#sc_button_1{color:#ffffff !important}<\/style>\u00a0<a class=\"button single-color text-bright size-large\" href=\"http:\/\/www.ebso.com\/web\/leistungen\/bauteilevorbereitung\/radiale-bauteile\/\" id=\"sc_button_2\">RADIALE BAUTEILE<\/a><style>#sc_button_2{color:#ffffff !important}<\/style> <a class=\"button single-color text-bright size-large\" href=\"http:\/\/www.ebso.com\/web\/leistungen\/bauteilevorbereitung\/leistungstransistoren\/\" id=\"sc_button_3\">LEISTUNGSTRANSISTOREN<\/a><style>#sc_button_3{color:#ffffff !important}<\/style>\u00a0<a class=\"button single-color text-bright size-large\" href=\"http:\/\/www.ebso.com\/web\/leistungen\/bauteilevorbereitung\/steckerleisten\/\" id=\"sc_button_4\">STECKERLEISTEN<\/a><style>#sc_button_4{color:#ffffff !important}<\/style><\/p>\n<p><strong><img decoding=\"async\" loading=\"lazy\" class=\"alignright size-full wp-image-262\" alt=\"bautelevorbereitung\" src=\"http:\/\/ebso.com\/web\/wp-content\/uploads\/2013\/06\/bautelevorbereitung.jpg\" width=\"203\" height=\"107\" \/>Seit \u00fcber 25 Jahren ist das Formen und Schneiden von konventionellen Bauteilen Kernkompetenz von Ebso.<\/strong><\/p>\n<p>Mit mehr als 20 Standard Ger\u00e4ten und Automaten k\u00f6nnen wir jeden Bereich in der Vorbereitung von THT Bauteilen abdecken. Sonderger\u00e4tebau f\u00fcr kundenspezifische L\u00f6sungen runden unser Know-how ab. Auch wenn die SMD-Technik bedrahtete Bauteile immer mehr verdr\u00e4ngt, ist die Bauelementevorbereitung weiterhin ein wesentlicher Gesch\u00e4ftsbereich. Wir konstruieren j\u00e4hrlich \u00fcber 50 neue Werkzeuge f\u00fcr unsere Serienprodukte und realisieren mehrere Sonderanwendungen.<\/p>\n<p><a href=\"http:\/\/ebso.com\/web\/wp-content\/uploads\/2013\/06\/axial.jpg\" data-rel=\"lightbox-gallery-smfG6KUV\" data-rl_title=\"\" data-rl_caption=\"\" title=\"\"><img decoding=\"async\" loading=\"lazy\" class=\"alignnone size-full wp-image-261\" alt=\"axial\" src=\"http:\/\/ebso.com\/web\/wp-content\/uploads\/2013\/06\/axial.jpg\" width=\"154\" height=\"114\" \/><\/a> <a href=\"http:\/\/ebso.com\/web\/wp-content\/uploads\/2013\/06\/radial.jpg\" data-rel=\"lightbox-gallery-smfG6KUV\" data-rl_title=\"\" data-rl_caption=\"\" title=\"\"><img decoding=\"async\" loading=\"lazy\" class=\"alignnone size-thumbnail wp-image-263\" alt=\"radial\" src=\"http:\/\/ebso.com\/web\/wp-content\/uploads\/2013\/06\/radial-150x118.jpg\" width=\"150\" height=\"118\" \/><\/a> <a href=\"http:\/\/ebso.com\/web\/wp-content\/uploads\/2013\/06\/steckerleisten.jpg\" data-rel=\"lightbox-gallery-smfG6KUV\" data-rl_title=\"\" data-rl_caption=\"\" title=\"\"><img decoding=\"async\" loading=\"lazy\" class=\"alignnone size-thumbnail wp-image-264\" alt=\"steckerleisten\" src=\"http:\/\/ebso.com\/web\/wp-content\/uploads\/2013\/06\/steckerleisten-150x118.jpg\" width=\"150\" height=\"118\" \/><\/a> <a href=\"http:\/\/ebso.com\/web\/wp-content\/uploads\/2013\/06\/To220.jpg\" data-rel=\"lightbox-gallery-smfG6KUV\" data-rl_title=\"\" data-rl_caption=\"\" title=\"\"><img decoding=\"async\" loading=\"lazy\" class=\"alignnone size-thumbnail wp-image-265\" alt=\"To220\" src=\"http:\/\/ebso.com\/web\/wp-content\/uploads\/2013\/06\/To220-150x114.jpg\" width=\"150\" height=\"114\" \/><\/a><\/p>\n","protected":false},"excerpt":{"rendered":"<p>\u00a0 \u00a0 Seit \u00fcber 25 Jahren ist das Formen und Schneiden von konventionellen Bauteilen Kernkompetenz <a href=\"http:\/\/www.ebso.com\/web\/leistungen\/bauteilevorbereitung\/\">Read more<\/a><\/p>\n","protected":false},"author":2,"featured_media":0,"parent":52,"menu_order":0,"comment_status":"closed","ping_status":"open","template":"","meta":{"footnotes":""},"aioseo_notices":[],"_links":{"self":[{"href":"http:\/\/www.ebso.com\/web\/wp-json\/wp\/v2\/pages\/260"}],"collection":[{"href":"http:\/\/www.ebso.com\/web\/wp-json\/wp\/v2\/pages"}],"about":[{"href":"http:\/\/www.ebso.com\/web\/wp-json\/wp\/v2\/types\/page"}],"author":[{"embeddable":true,"href":"http:\/\/www.ebso.com\/web\/wp-json\/wp\/v2\/users\/2"}],"replies":[{"embeddable":true,"href":"http:\/\/www.ebso.com\/web\/wp-json\/wp\/v2\/comments?post=260"}],"version-history":[{"count":18,"href":"http:\/\/www.ebso.com\/web\/wp-json\/wp\/v2\/pages\/260\/revisions"}],"predecessor-version":[{"id":811,"href":"http:\/\/www.ebso.com\/web\/wp-json\/wp\/v2\/pages\/260\/revisions\/811"}],"up":[{"embeddable":true,"href":"http:\/\/www.ebso.com\/web\/wp-json\/wp\/v2\/pages\/52"}],"wp:attachment":[{"href":"http:\/\/www.ebso.com\/web\/wp-json\/wp\/v2\/media?parent=260"}],"curies":[{"name":"wp","href":"https:\/\/api.w.org\/{rel}","templated":true}]}}