{"id":237,"date":"2013-06-19T11:04:16","date_gmt":"2013-06-19T09:04:16","guid":{"rendered":"http:\/\/ebso.com\/web\/?page_id=237"},"modified":"2022-03-08T18:15:03","modified_gmt":"2022-03-08T17:15:03","slug":"spa-400nc","status":"publish","type":"page","link":"http:\/\/www.ebso.com\/web\/leistungen\/selektivloten\/spa-400nc\/","title":{"rendered":"SPA 440-EVO \/ SPA 550-EVO"},"content":{"rendered":"<p><strong><img decoding=\"async\" loading=\"lazy\" class=\"aligncenter wp-image-1125\" src=\"http:\/\/www.ebso.com\/web\/wp-content\/uploads\/2022\/03\/SPA-550_closed-scaled-e1646753238554.jpg\" alt=\"\" width=\"651\" height=\"480\" srcset=\"http:\/\/www.ebso.com\/web\/wp-content\/uploads\/2022\/03\/SPA-550_closed-scaled-e1646753238554.jpg 2560w, http:\/\/www.ebso.com\/web\/wp-content\/uploads\/2022\/03\/SPA-550_closed-scaled-e1646753238554-300x221.jpg 300w, http:\/\/www.ebso.com\/web\/wp-content\/uploads\/2022\/03\/SPA-550_closed-scaled-e1646753238554-1024x755.jpg 1024w, http:\/\/www.ebso.com\/web\/wp-content\/uploads\/2022\/03\/SPA-550_closed-scaled-e1646753238554-768x566.jpg 768w, http:\/\/www.ebso.com\/web\/wp-content\/uploads\/2022\/03\/SPA-550_closed-scaled-e1646753238554-1536x1133.jpg 1536w, http:\/\/www.ebso.com\/web\/wp-content\/uploads\/2022\/03\/SPA-550_closed-scaled-e1646753238554-2048x1510.jpg 2048w, http:\/\/www.ebso.com\/web\/wp-content\/uploads\/2022\/03\/SPA-550_closed-scaled-e1646753238554-900x664.jpg 900w, http:\/\/www.ebso.com\/web\/wp-content\/uploads\/2022\/03\/SPA-550_closed-scaled-e1646753238554-924x681.jpg 924w\" sizes=\"(max-width: 651px) 100vw, 651px\" \/>Automatisches Selektivl\u00f6tsystem<\/strong><\/p>\n<p>Die EBSO SPA 440-EVO \/\/ SPA 550-EVO ist ein automatisches Selektivl\u00f6tsystem mit manueller Beladung. L\u00f6ttiegel und Pumpeneinheit werden mit Schutzgas beflutet. Konzipiert f\u00fcr automatisches L\u00f6ten von Stift- und Steckerleisten, Relais, Trafos und sonstigen konventionellen Bauteilen. Besonders f\u00fcr Anwendungen die nicht f\u00fcr den Wellenl\u00f6tprozess geeignet sind findet die SPA ihren Einsatzbereich um den Handl\u00f6tbereich prozesssicher zu automatisieren.<\/p>\n<p><a href=\"http:\/\/ebso.com\/web\/wp-content\/uploads\/2013\/06\/3_spa400nc.jpg\" data-rel=\"lightbox-gallery-yR3oyKez\" data-rl_title=\"\" data-rl_caption=\"\" title=\"\"><img decoding=\"async\" loading=\"lazy\" class=\"alignnone size-thumbnail wp-image-238\" src=\"http:\/\/ebso.com\/web\/wp-content\/uploads\/2013\/06\/3_spa400nc-150x128.jpg\" alt=\"3_spa400nc\" width=\"150\" height=\"128\" \/><\/a> <a href=\"http:\/\/ebso.com\/web\/wp-content\/uploads\/2013\/06\/2_spa400nc.jpg\" data-rel=\"lightbox-gallery-yR3oyKez\" data-rl_title=\"\" data-rl_caption=\"\" title=\"\"><img decoding=\"async\" loading=\"lazy\" class=\"alignnone size-thumbnail wp-image-240\" src=\"http:\/\/ebso.com\/web\/wp-content\/uploads\/2013\/06\/2_spa400nc-150x128.jpg\" alt=\"2_spa400nc\" width=\"150\" height=\"128\" \/><\/a><\/p>\n<hr \/>\n<p><strong>AUSSTATTUNGEN<\/strong><\/p>\n<p><strong>L\u00f6tbereich 400 x 400 mm (440-EVO) \/\/ 510 x 510 mm (550-EVO)<\/strong><br \/>\nInterpoliertes 3 Achsen CNC Portalsystem mit Servo Antrieben<br \/>\nNetzwerkf\u00e4hig \u00fcber FTP Schnittstelle<br \/>\nDigitale Closed Loop N2 Regelung mit Standby Funktion<br \/>\nWellenh\u00f6hen\u00fcberwachung<br \/>\nAutom. L\u00f6tdrahtzufuhr mit Zinn-Niveau \u00dcberwachung<br \/>\nF\u00fcllkontrolle Fluxtank<br \/>\nKontrolle aller Prozessparameter<br \/>\nInkl. Funktions\u00fcberwachung<br \/>\nInkl. Wartungs und Fehler Anzeige<br \/>\nInkl. Passwort Sicherung<br \/>\nAbluft\u00fcberwachung<br \/>\nFrei Konfigurierbare Kontrollampe (Max. 5 Leuchten mit Beep)<br \/>\nStatus- und Wartungsanzeige (Optional \u00fcber Wireless Network to PC)<br \/>\nWindows CE Farb-Display<br \/>\nTimerfunktion<br \/>\nInternes Datenmanagement zur Programmspeicherung<br \/>\nSoftwareupdate \u00fcber USB<br \/>\nGlashaube<br \/>\nZubeh\u00f6rablagef\u00e4cher<br \/>\nESD-Lack RAL 7035 (licht grau) und RAL 7016 (anthrazit)<\/p>\n<p><strong>Transport Winkel<\/strong><br \/>\n7\u00b0 oder 0\u00b0<\/p>\n<p><strong>L\u00f6tbereich<\/strong><br \/>\nStandard: 400 x 400 bzw. 510 x 510 mm<\/p>\n<p><strong>Ausstattung L\u00f6ttiegel und Optionen<\/strong><br \/>\nAlle Tiegel aus Titan<br \/>\nH\u00f6chste Verf\u00fcgbarkeit durch einzigartige Zug\u00e4nglichkeit der<br \/>\n<strong>Quick Release Pumpe<\/strong><br \/>\nEinfacher Schnellwechseltiegel f\u00fcr verbleit\/bleifrei Anwendungen<br \/>\nEinfachtiegel mit nur 15 kg Lotvolumen<br \/>\nAufheizzeit nur 30 Minuten<br \/>\nL\u00f6ten auf 2 Tiegeln mit unterschiedlichen D\u00fcsen<br \/>\nDoppeld\u00fcsen Option f\u00fcr Simultanl\u00f6ten<\/p>\n<p><strong>L\u00f6t-D\u00fcsen<\/strong><br \/>\nMax. St\u00f6rkante 40 mm<br \/>\nBenetzbare D\u00fcsen von 3-12 mm Innendurchmesser<br \/>\nJet D\u00fcsen von 5 \u2013 60 mm<br \/>\nWellend\u00fcse 300 mm<br \/>\nSonderd\u00fcsen, Hub-Tauch Kamine<\/p>\n<p><strong>Fluxer<\/strong><br \/>\nMax. 4 Fluxer in jeder Kombination<br \/>\nSingle Spray \/ Single Microdrop<br \/>\nDual Spray \/ Dual Microdrop<br \/>\nKombination aus Single or Dual Spray und Microdrop<\/p>\n<p><strong>Frei regelbare Vorheizungen<\/strong><br \/>\nKonvektion Bandheizung<br \/>\nIR Band oder Kassettenheizung<br \/>\nIR Oberfl\u00e4chenheizung<\/p>\n<p><strong>Sonstige Optionen<\/strong><br \/>\nFluxer Spr\u00fchtest Funktion<br \/>\nBeobachtungskamera mit TFT Monitor<br \/>\nBarcode or DatamatrixCode f\u00fcr BDA (Traceability)<\/p>\n<p><strong>Programmierung<\/strong><br \/>\nOffline Editor inkl.<br \/>\nPhoto Editing<br \/>\nOder Import Funktion<\/p>\n","protected":false},"excerpt":{"rendered":"<p>Automatisches Selektivl\u00f6tsystem Die EBSO SPA 440-EVO \/\/ SPA 550-EVO ist ein automatisches Selektivl\u00f6tsystem mit manueller <a href=\"http:\/\/www.ebso.com\/web\/leistungen\/selektivloten\/spa-400nc\/\">Read more<\/a><\/p>\n","protected":false},"author":2,"featured_media":0,"parent":141,"menu_order":0,"comment_status":"closed","ping_status":"closed","template":"","meta":{"footnotes":""},"aioseo_notices":[],"_links":{"self":[{"href":"http:\/\/www.ebso.com\/web\/wp-json\/wp\/v2\/pages\/237"}],"collection":[{"href":"http:\/\/www.ebso.com\/web\/wp-json\/wp\/v2\/pages"}],"about":[{"href":"http:\/\/www.ebso.com\/web\/wp-json\/wp\/v2\/types\/page"}],"author":[{"embeddable":true,"href":"http:\/\/www.ebso.com\/web\/wp-json\/wp\/v2\/users\/2"}],"replies":[{"embeddable":true,"href":"http:\/\/www.ebso.com\/web\/wp-json\/wp\/v2\/comments?post=237"}],"version-history":[{"count":11,"href":"http:\/\/www.ebso.com\/web\/wp-json\/wp\/v2\/pages\/237\/revisions"}],"predecessor-version":[{"id":1199,"href":"http:\/\/www.ebso.com\/web\/wp-json\/wp\/v2\/pages\/237\/revisions\/1199"}],"up":[{"embeddable":true,"href":"http:\/\/www.ebso.com\/web\/wp-json\/wp\/v2\/pages\/141"}],"wp:attachment":[{"href":"http:\/\/www.ebso.com\/web\/wp-json\/wp\/v2\/media?parent=237"}],"curies":[{"name":"wp","href":"https:\/\/api.w.org\/{rel}","templated":true}]}}