{"id":200,"date":"2013-06-19T10:11:28","date_gmt":"2013-06-19T08:11:28","guid":{"rendered":"http:\/\/ebso.com\/web\/?page_id=200"},"modified":"2022-03-08T17:55:34","modified_gmt":"2022-03-08T16:55:34","slug":"spa-r","status":"publish","type":"page","link":"http:\/\/www.ebso.com\/web\/leistungen\/selektivloten\/spa-r\/","title":{"rendered":"SPA-R Reparaturplatz"},"content":{"rendered":"<p><img decoding=\"async\" loading=\"lazy\" class=\"wp-image-1150 size-medium alignright\" src=\"http:\/\/www.ebso.com\/web\/wp-content\/uploads\/2022\/03\/web_Ebso-SPA-R-mit-Laserpointer-290x300.jpg\" alt=\"\" width=\"290\" height=\"300\" srcset=\"http:\/\/www.ebso.com\/web\/wp-content\/uploads\/2022\/03\/web_Ebso-SPA-R-mit-Laserpointer-290x300.jpg 290w, http:\/\/www.ebso.com\/web\/wp-content\/uploads\/2022\/03\/web_Ebso-SPA-R-mit-Laserpointer.jpg 570w\" sizes=\"(max-width: 290px) 100vw, 290px\" \/><\/p>\n<p><strong>Mit einzigartigem \u201e<em>Fast Remove<\/em>\u201c Pumpensystem<\/strong><\/p>\n<ul>\n<li>Einfach zu bedienendes Display<\/li>\n<li>Timer-Funktion<\/li>\n<li>Pumpe und Tiegel aus Voll-Titan bestens f\u00fcr bleifreie Legierungen<\/li>\n<li>On the fly \u2013 Wellenh\u00f6henregulierung<\/li>\n<li>Standby-Funktion zur Reduzierung der Aufstiegszeit bis zur L\u00f6th\u00f6he<\/li>\n<li>Standard-L\u00f6td\u00fcsen und kundenspezifischen L\u00f6td\u00fcsen<\/li>\n<li>Auflagefreiheit f\u00fcr jegliche Boardgr\u00f6\u00dfe<\/li>\n<li>Optionaler Laserpointer und XY &#8211; Verfahrtisch<\/li>\n<li>\n<p style=\"display: inline !important;\">Magnetische Leiterplattenfixierungen,<\/p>\n<p style=\"display: inline !important;\">frei positionierbar<\/p>\n<\/li>\n<li>Gro\u00dfe Auswahl an D\u00fcsengeometrien und Sonderd\u00fcsen auf Anfrag<\/li>\n<\/ul>\n<p><img decoding=\"async\" loading=\"lazy\" class=\"wp-image-1186 size-medium alignnone\" src=\"http:\/\/www.ebso.com\/web\/wp-content\/uploads\/2022\/03\/D\u00fcse-Nahaufnahme-300x164.jpg\" alt=\"\" width=\"300\" height=\"164\" srcset=\"http:\/\/www.ebso.com\/web\/wp-content\/uploads\/2022\/03\/D\u00fcse-Nahaufnahme-300x164.jpg 300w, http:\/\/www.ebso.com\/web\/wp-content\/uploads\/2022\/03\/D\u00fcse-Nahaufnahme.jpg 580w\" sizes=\"(max-width: 300px) 100vw, 300px\" \/><\/p>\n<hr \/>\n<p><strong>Der L\u00f6t-Tiegel<\/strong><\/p>\n<p>Das flache Tiegeldesign mit dem einzigartigen EBSO &#8222;Fast Remove&#8220; Pumpensystem erlaubt max. Verf\u00fcgbarkeit.<br \/>\nKeine Einrichtungsarbeiten, keine Schrauben die zu \u00f6ffnen sind.<br \/>\nEine einfache 90\u00b0 Drehung an der Pumpe und Sie haben freien Zugang zum Tiegel.<\/p>\n<p><a href=\"http:\/\/ebso.com\/web\/wp-content\/uploads\/2013\/06\/spa-r_6.jpg\" data-rel=\"lightbox-gallery-w6hW38np\" data-rl_title=\"\" data-rl_caption=\"\" title=\"\"><img decoding=\"async\" loading=\"lazy\" class=\"alignnone  wp-image-195\" src=\"http:\/\/ebso.com\/web\/wp-content\/uploads\/2013\/06\/spa-r_6-150x150.jpg\" alt=\"spa-r_6\" width=\"150\" height=\"150\" srcset=\"http:\/\/www.ebso.com\/web\/wp-content\/uploads\/2013\/06\/spa-r_6-150x150.jpg 150w, http:\/\/www.ebso.com\/web\/wp-content\/uploads\/2013\/06\/spa-r_6-144x144.jpg 144w\" sizes=\"(max-width: 150px) 100vw, 150px\" \/><\/a><\/p>\n<hr \/>\n<p><strong>Technische Daten<\/strong><\/p>\n<p>Anschlu\u00df: 220 V (50\/60 Hz)<br \/>\nLeistung: 2 KW<br \/>\nTemperatur Einstellung: 0 \u2013 400 \u00b0C<br \/>\nTiegel-F\u00fcllmenge: ca. 20 kg<br \/>\nLeiterplattengr\u00f6\u00dfe: keine Einschr\u00e4nkungen<br \/>\nMa\u00dfe: 400 (B) x 700 (L) x 250 (H) mm<br \/>\nGewicht: ca. 35 kg<\/p>\n<hr \/>\n<p><a href=\"http:\/\/ebso.com\/web\/wp-content\/uploads\/2013\/06\/SPA-R-Prospekt-.pdf\" target=\"_blank\" rel=\"noopener noreferrer\"><strong><a class=\"button single-color text-bright add-tooltip size-medium\" href=\"http:\/\/ebso.com\/web\/wp-content\/uploads\/2013\/06\/SPA-R-Prospekt-.pdf\" target=\"_blank\" title=\"PDF-Datei\" id=\"sc_button_1\">Download Prospekt<\/a><style>#sc_button_1{color:#ffffff !important}<\/style><\/strong><\/a><\/p>\n","protected":false},"excerpt":{"rendered":"<p>Mit einzigartigem \u201eFast Remove\u201c Pumpensystem Einfach zu bedienendes Display Timer-Funktion Pumpe und Tiegel aus Voll-Titan <a href=\"http:\/\/www.ebso.com\/web\/leistungen\/selektivloten\/spa-r\/\">Read more<\/a><\/p>\n","protected":false},"author":2,"featured_media":0,"parent":141,"menu_order":0,"comment_status":"closed","ping_status":"open","template":"","meta":{"footnotes":""},"aioseo_notices":[],"_links":{"self":[{"href":"http:\/\/www.ebso.com\/web\/wp-json\/wp\/v2\/pages\/200"}],"collection":[{"href":"http:\/\/www.ebso.com\/web\/wp-json\/wp\/v2\/pages"}],"about":[{"href":"http:\/\/www.ebso.com\/web\/wp-json\/wp\/v2\/types\/page"}],"author":[{"embeddable":true,"href":"http:\/\/www.ebso.com\/web\/wp-json\/wp\/v2\/users\/2"}],"replies":[{"embeddable":true,"href":"http:\/\/www.ebso.com\/web\/wp-json\/wp\/v2\/comments?post=200"}],"version-history":[{"count":23,"href":"http:\/\/www.ebso.com\/web\/wp-json\/wp\/v2\/pages\/200\/revisions"}],"predecessor-version":[{"id":1192,"href":"http:\/\/www.ebso.com\/web\/wp-json\/wp\/v2\/pages\/200\/revisions\/1192"}],"up":[{"embeddable":true,"href":"http:\/\/www.ebso.com\/web\/wp-json\/wp\/v2\/pages\/141"}],"wp:attachment":[{"href":"http:\/\/www.ebso.com\/web\/wp-json\/wp\/v2\/media?parent=200"}],"curies":[{"name":"wp","href":"https:\/\/api.w.org\/{rel}","templated":true}]}}