{"id":15,"date":"2013-06-18T14:54:38","date_gmt":"2013-06-18T12:54:38","guid":{"rendered":"http:\/\/ebso.com\/web\/?page_id=15"},"modified":"2017-02-01T14:14:10","modified_gmt":"2017-02-01T13:14:10","slug":"willkommen","status":"publish","type":"page","link":"http:\/\/www.ebso.com\/web\/","title":{"rendered":"WILLKOMMEN"},"content":{"rendered":"<p><strong>Ihr Partner f\u00fcr Selektiv L\u00f6ten und Bauteilvorbereitung<\/strong><\/p>\n<p>Ebso entwickelt und produziert Maschinen und Apparate f\u00fcr die Bauteilvorbereitung in der Elektronikindustrie. F\u00fcr das Biegen und Schneiden f\u00fcr axiale oder radiale Bauelemente werden Standard sowie Sonderl\u00f6sungen angeboten. Weiter werden Anlagen zum Selektivl\u00f6ten gefertigt. Die Selektivl\u00f6tmaschine gibt es als manuelles Rework L\u00f6tmodul oder als eine automatische Selektive L\u00f6tmaschine mit manueller Beladung der Platinen bis hin zu vollautomatischen Inline f\u00e4higen Selektivl\u00f6tmaschinen.\u00a0Nutzentrenner, Bauteilz\u00e4hler und L\u00f6tdampfabsorber runden das Spektrum ab.<\/p>\n","protected":false},"excerpt":{"rendered":"<p>Ihr Partner f\u00fcr Selektiv L\u00f6ten und Bauteilvorbereitung Ebso entwickelt und produziert Maschinen und Apparate f\u00fcr <a href=\"http:\/\/www.ebso.com\/web\/\">Read more<\/a><\/p>\n","protected":false},"author":2,"featured_media":0,"parent":0,"menu_order":0,"comment_status":"closed","ping_status":"open","template":"template-home.php","meta":{"footnotes":""},"aioseo_notices":[],"_links":{"self":[{"href":"http:\/\/www.ebso.com\/web\/wp-json\/wp\/v2\/pages\/15"}],"collection":[{"href":"http:\/\/www.ebso.com\/web\/wp-json\/wp\/v2\/pages"}],"about":[{"href":"http:\/\/www.ebso.com\/web\/wp-json\/wp\/v2\/types\/page"}],"author":[{"embeddable":true,"href":"http:\/\/www.ebso.com\/web\/wp-json\/wp\/v2\/users\/2"}],"replies":[{"embeddable":true,"href":"http:\/\/www.ebso.com\/web\/wp-json\/wp\/v2\/comments?post=15"}],"version-history":[{"count":4,"href":"http:\/\/www.ebso.com\/web\/wp-json\/wp\/v2\/pages\/15\/revisions"}],"predecessor-version":[{"id":1023,"href":"http:\/\/www.ebso.com\/web\/wp-json\/wp\/v2\/pages\/15\/revisions\/1023"}],"wp:attachment":[{"href":"http:\/\/www.ebso.com\/web\/wp-json\/wp\/v2\/media?parent=15"}],"curies":[{"name":"wp","href":"https:\/\/api.w.org\/{rel}","templated":true}]}}