{"id":141,"date":"2013-06-18T22:15:17","date_gmt":"2013-06-18T20:15:17","guid":{"rendered":"http:\/\/ebso.com\/web\/?page_id=141"},"modified":"2022-03-29T15:11:44","modified_gmt":"2022-03-29T13:11:44","slug":"selektivloten","status":"publish","type":"page","link":"http:\/\/www.ebso.com\/web\/leistungen\/selektivloten\/","title":{"rendered":"SELEKTIVL\u00d6TEN"},"content":{"rendered":"<p><a class=\"button single-color text-bright size-large\" href=\"http:\/\/ebso.com\/web\/leistungen\/selektivloten\/spa-300-nc-plattform\/\" id=\"sc_button_1\">SPA 340-EVO \/ SPA 340-EVO+<\/a><style>#sc_button_1{color:#ffffff !important}<\/style> <a class=\"button single-color text-bright size-large\" href=\"http:\/\/ebso.com\/web\/leistungen\/selektivloten\/spa-400nc\/\" id=\"sc_button_2\">SPA 440-EVO \/ SPA 550-EVO<\/a><style>#sc_button_2{color:#ffffff !important}<\/style> <a class=\"button single-color text-bright size-large\" href=\"http:\/\/ebso.com\/web\/leistungen\/selektivloten\/spa-r\/\" id=\"sc_button_3\">SPA-R Reparaturplatz<\/a><style>#sc_button_3{color:#ffffff !important}<\/style><\/p>\n<p><strong>SPA-R\u00a0Selektives L\u00f6t.- und Entl\u00f6tsystem |<\/strong><\/p>\n<p><strong>Selektivl\u00f6ten mit der EBSO SPA-Linie<\/strong><\/p>\n<p><strong><img decoding=\"async\" loading=\"lazy\" class=\"alignright\" src=\"http:\/\/ebso.com\/web\/wp-content\/uploads\/2013\/06\/selectivesoldering.jpg\" alt=\"selectivesoldering\" width=\"150\" height=\"200\" \/><\/strong><\/p>\n<p>Manche Komponenten k\u00f6nnen aufgrund Ihrer W\u00e4rmestabilit\u00e4t einem Wellenl\u00f6tprozess nicht ausgesetzt werden (Displays). Andere Leiterplatten sind auf Grund des SMD Layouts nicht konventionell \u00fcber eine Welle zu l\u00f6ten. Weiter sind manchmal Kosten f\u00fcr Masken, um Boards wellenl\u00f6ten zu k\u00f6nnen, zu hoch und man l\u00f6tet THT Bauteile von Hand. Um diesen Prozess zu automatisieren hei\u00dft die Antwort Selektivl\u00f6ten. Ebso hat bereits im Jahr 2002 mit den Modellen SPA 250\/400 eine Maschine entwickelt, die es auch dem Klein- und Mittelserienfertiger mit kleinem Budget erlaubt in diese Technologie einzusteigen.<\/p>\n<p>Mit dieser Produktlinie ist EBSO bislang Weltmarktf\u00fchrer. Produktspezifische L\u00f6td\u00fcsengeometrien und Masken runden das Know-How ab.<\/p>\n<p><strong><a href=\"http:\/\/www.ebso.com\/web\/wp-content\/uploads\/2022\/03\/EBSO_SPA_L\u00f6tsysteme_dt.pdf\"><a class=\"button single-color text-bright add-tooltip size-medium\" href=\"http:\/\/www.ebso.com\/web\/wp-content\/uploads\/2022\/03\/EBSO_SPA_L\u00f6tsysteme_dt.pdf\" target=\"_blank\" title=\"Download PDF\" id=\"sc_button_4\">Download Brosch\u00fcre<\/a><style>#sc_button_4{color:#ffffff !important}<\/style><\/a><\/strong><\/p>\n<hr \/>\n<p><strong>EBSO SPA NC SOLDERING MACHINE VIDEO<\/strong><\/p>\n<div class=\"video-embed eat-left eat-right\"><iframe loading=\"lazy\" src=\"http:\/\/www.youtube.com\/embed\/m1rLJ5JN2c4?rel=0&wmode=opaque\" width=\"420\" height=\"315\" frameborder=\"0\" allowfullscreen=\"allowfullscreen\"><\/iframe><\/div>\n","protected":false},"excerpt":{"rendered":"<p>SPA-R\u00a0Selektives L\u00f6t.- und Entl\u00f6tsystem | Selektivl\u00f6ten mit der EBSO SPA-Linie Manche Komponenten k\u00f6nnen aufgrund Ihrer <a href=\"http:\/\/www.ebso.com\/web\/leistungen\/selektivloten\/\">Read more<\/a><\/p>\n","protected":false},"author":2,"featured_media":0,"parent":52,"menu_order":0,"comment_status":"closed","ping_status":"open","template":"","meta":{"footnotes":""},"aioseo_notices":[],"_links":{"self":[{"href":"http:\/\/www.ebso.com\/web\/wp-json\/wp\/v2\/pages\/141"}],"collection":[{"href":"http:\/\/www.ebso.com\/web\/wp-json\/wp\/v2\/pages"}],"about":[{"href":"http:\/\/www.ebso.com\/web\/wp-json\/wp\/v2\/types\/page"}],"author":[{"embeddable":true,"href":"http:\/\/www.ebso.com\/web\/wp-json\/wp\/v2\/users\/2"}],"replies":[{"embeddable":true,"href":"http:\/\/www.ebso.com\/web\/wp-json\/wp\/v2\/comments?post=141"}],"version-history":[{"count":66,"href":"http:\/\/www.ebso.com\/web\/wp-json\/wp\/v2\/pages\/141\/revisions"}],"predecessor-version":[{"id":1235,"href":"http:\/\/www.ebso.com\/web\/wp-json\/wp\/v2\/pages\/141\/revisions\/1235"}],"up":[{"embeddable":true,"href":"http:\/\/www.ebso.com\/web\/wp-json\/wp\/v2\/pages\/52"}],"wp:attachment":[{"href":"http:\/\/www.ebso.com\/web\/wp-json\/wp\/v2\/media?parent=141"}],"curies":[{"name":"wp","href":"https:\/\/api.w.org\/{rel}","templated":true}]}}